{"id":8470,"date":"2019-11-01T11:11:00","date_gmt":"2019-11-01T17:11:00","guid":{"rendered":"http:\/\/cbcuscatlan.edu.sv\/cbc\/?page_id=8470"},"modified":"2025-07-10T14:22:33","modified_gmt":"2025-07-10T20:22:33","slug":"middle-school-blogs","status":"publish","type":"page","link":"https:\/\/cbcuscatlan.edu.sv\/cbc\/blogs-de-clase\/middle-school-blogs\/","title":{"rendered":"Middle School Blogs"},"content":{"rendered":"<p>[vc_section full_width=&#8221;stretch_row&#8221; css=&#8221;.vc_custom_1518808590422{background-image: url(http:\/\/cbcuscatlan.edu.sv\/cbc\/wp-content\/uploads\/2018\/02\/blog-header.png?id=824) !important;background-position: center !important;background-repeat: no-repeat !important;background-size: cover !important;}&#8221;][vc_row equal_height=&#8221;yes&#8221;][vc_column][stm_spacing lg_spacing=&#8221;50px&#8221;][stm_title title_align=&#8221;center&#8221; title_color=&#8221;custom&#8221; title=&#8221;Middle School Blogs&#8221; title_color_custom=&#8221;#ffffff&#8221; title_font_size=&#8221;40pt&#8221;][\/stm_title][stm_spacing lg_spacing=&#8221;50px&#8221;][\/vc_column][\/vc_row][\/vc_section][vc_section full_width=&#8221;stretch_row&#8221; css=&#8221;.vc_custom_1518808686841{padding-top: 125px !important;padding-bottom: 50px !important;background-color: #ffffff !important;}&#8221;][vc_row][vc_column width=&#8221;2\/3&#8243; offset=&#8221;vc_hidden-xs&#8221;][\/vc_column][vc_column width=&#8221;1\/3&#8243;][vc_widget_sidebar sidebar_id=&#8221;sidebar-event&#8221;][\/vc_column][\/vc_row][vc_row][vc_column width=&#8221;2\/3&#8243; css=&#8221;.vc_custom_1572626896147{margin-top: -85px !important;}&#8221; offset=&#8221;vc_hidden-sm vc_hidden-xs&#8221;][stm_posts view=&#8221;list&#8221; posts_category=&#8221;middle-school&#8221; pagination_enable=&#8221;true&#8221; posts_count=&#8221;6&#8243;][\/vc_column][vc_column width=&#8221;1\/3&#8243; el_class=&#8221;menu-blogs&#8221; css=&#8221;.vc_custom_1572626906502{padding-right: -10px !important;padding-left: -10px !important;background-color: #00aaff !important;}&#8221; offset=&#8221;vc_hidden-sm vc_hidden-xs&#8221;][vc_column_text]<\/p>\n<style>.line-grados{margin-top: 20px; border-bottom: 4px solid; width: 23%; border-bottom-color: #fff; position:relative; margin-left: 35px; z-index: 5;}<\/style>\n<h1 class=\"stm-title stm-title_sep_bottom titulo-separator\" style=\"text-align: left; font-size: 30px; color: #ffffff; z-index: 5; position: relative; left: 9%;\">Grados<\/h1>\n<div class=\"line-grados\"><\/div>\n<p>[\/vc_column_text][vc_column_text]<\/p>\n<style>.widget_blog-de-clase {background: #00aaff!Important; text-transform:uppercase!Important; font-size: 24px!Important; padding: 0px 0 0px 0!Important;} .widget_blog-de-clase li:hover{background: #2d308f!important;}<\/style>\n<div class=\"widget widget_categories widget_blog-de-clase timetable_clearfix\">\n<ul>\n<li class=\"cat-item\" style=\"font-size: 20px;\"><a href=\"http:\/\/cbcuscatlan.edu.sv\/cbc\/blogs-de-clase\/7th-grade\/\">7\u00b0 GRADO<\/a><\/li>\n<li class=\"cat-item\" style=\"font-size: 20px;\"><a href=\"http:\/\/cbcuscatlan.edu.sv\/cbc\/blogs-de-clase\/8th-grade\/\">8\u00b0 GRADO<\/a><\/li>\n<li class=\"cat-item\" style=\"font-size: 20px;\"><a href=\"http:\/\/cbcuscatlan.edu.sv\/cbc\/blogs-de-clase\/9th-grade\/\">9\u00b0 GRADO<\/a><\/li>\n<\/ul>\n<\/div>\n<p>[\/vc_column_text][\/vc_column][\/vc_row][vc_row][vc_column offset=&#8221;vc_hidden-lg vc_hidden-md&#8221;][vc_column_text]<\/p>\n<style>.line-grados-mobile{margin-top: 20px; border-bottom: 4px solid; width: 23%; border-bottom-color: #000; position:relative; margin-left: 35px; z-index: 5;}<\/style>\n<h1 class=\"stm-title stm-title_sep_bottom titulo-separator\" style=\"text-align: left; font-size: 30px; color: #ffffff; z-index: 5; position: relative; left: 9%;\"><span style=\"color: #000000; font-size: 36pt;\">Levels<\/span><\/h1>\n<div class=\"line-grados-mobile\"><\/div>\n<p>[\/vc_column_text][vc_column_text]<\/p>\n<style>.widget_blog-de-clase {background: #00aaff!Important; text-transform:uppercase!Important; font-size: 24px!Important; padding: 0px 0 0px 0!Important;} .widget_blog-de-clase li:hover{background: #2d308f!important;}<\/style>\n<div class=\"widget widget_categories widget_blog-de-clase timetable_clearfix\">\n<ul>\n<li class=\"cat-item\" style=\"font-size: 20px;\"><a href=\"http:\/\/cbcuscatlan.edu.sv\/cbc\/blogs-de-clase\/7th-grade\/\">7\u00b0 GRADO<\/a><\/li>\n<li class=\"cat-item\" style=\"font-size: 20px;\"><a href=\"http:\/\/cbcuscatlan.edu.sv\/cbc\/blogs-de-clase\/8th-grade\/\">8\u00b0 GRADO<\/a><\/li>\n<li class=\"cat-item\" style=\"font-size: 20px;\"><a href=\"http:\/\/cbcuscatlan.edu.sv\/cbc\/blogs-de-clase\/9th-grade\/\">9\u00b0 GRADO<\/a><\/li>\n<\/ul>\n<\/div>\n<p>[\/vc_column_text][stm_posts view=&#8221;list&#8221; posts_category=&#8221;middle-school&#8221; pagination_enable=&#8221;true&#8221; posts_count=&#8221;6&#8243;][\/vc_column][\/vc_row][\/vc_section][vc_section full_width=&#8221;stretch_row&#8221; css=&#8221;.vc_custom_1518468956013{padding-bottom: 100px !important;background-color: #eaeaea !important;}&#8221;][vc_row full_width=&#8221;stretch_row&#8221;][vc_column][stm_title title_align=&#8221;center&#8221; title_color=&#8221;custom&#8221; sep_color=&#8221;custom&#8221; sep_enable=&#8221;true&#8221; title=&#8221;Nuestra oferta acad\u00e9mica&#8221; title_color_custom=&#8221;#020202&#8243; sep_color_custom=&#8221;#2d3091&#8243; title_font_size=&#8221;50px&#8221;][\/stm_title][\/vc_column][\/vc_row][vc_row full_width=&#8221;stretch_row_content&#8221; gap=&#8221;35&#8243;][vc_column width=&#8221;1\/4&#8243;][stm_action_box text_alignment=&#8221;center&#8221; img_id=&#8221;22986&#8243; img_size=&#8221;500&#215;500&#8243; title=&#8221;Kindergarten&#8221;][\/vc_column][vc_column width=&#8221;1\/4&#8243;][stm_action_box text_alignment=&#8221;center&#8221; img_id=&#8221;22988&#8243; img_size=&#8221;500&#215;500&#8243; title=&#8221;Elementary&#8221;][\/vc_column][vc_column width=&#8221;1\/4&#8243;][stm_action_box text_alignment=&#8221;center&#8221; img_id=&#8221;22987&#8243; img_size=&#8221;500&#215;500&#8243; title=&#8221;Junior High&#8221;][\/vc_column][vc_column width=&#8221;1\/4&#8243;][stm_action_box text_alignment=&#8221;center&#8221; img_id=&#8221;22989&#8243; img_size=&#8221;500&#215;500&#8243; title=&#8221;High School&#8221;][\/vc_column][\/vc_row][\/vc_section][vc_section full_width=&#8221;stretch_row&#8221; css=&#8221;.vc_custom_1517935654375{background-image: url(http:\/\/cbcuscatlan.edu.sv\/cbc\/wp-content\/uploads\/2018\/01\/fondo-de-pantalla.png?id=57) !important;background-position: center !important;background-repeat: no-repeat !important;background-size: cover !important;}&#8221;][vc_row][vc_column][stm_title title_align=&#8221;center&#8221; title_color=&#8221;custom&#8221; sep_color=&#8221;custom&#8221; title_font_weight=&#8221;500&#8243; sep_enable=&#8221;true&#8221; title=&#8221;Conoce m\u00e1s de nosotros&#8221; sep_color_custom=&#8221;#ffffff&#8221; title_color_custom=&#8221;#ffffff&#8221; sep_line_width=&#8221;100px&#8221; title_font_size=&#8221;50px&#8221;][\/stm_title][\/vc_column][\/vc_row][vc_row gap=&#8221;35&#8243;][vc_column width=&#8221;1\/2&#8243; el_class=&#8221;contactformbottom&#8221;]\n<div class=\"wpcf7 no-js\" id=\"wpcf7-f12220-o1\" lang=\"en-US\" dir=\"ltr\" data-wpcf7-id=\"12220\">\n<div class=\"screen-reader-response\"><p role=\"status\" aria-live=\"polite\" aria-atomic=\"true\"><\/p> <ul><\/ul><\/div>\n<form action=\"\/cbc\/wp-json\/wp\/v2\/pages\/8470#wpcf7-f12220-o1\" method=\"post\" class=\"wpcf7-form init\" aria-label=\"Contact form\" novalidate=\"novalidate\" data-status=\"init\">\n<fieldset class=\"hidden-fields-container\"><input type=\"hidden\" name=\"_wpcf7\" value=\"12220\" \/><input type=\"hidden\" name=\"_wpcf7_version\" value=\"6.1.5\" \/><input type=\"hidden\" name=\"_wpcf7_locale\" value=\"en_US\" \/><input type=\"hidden\" name=\"_wpcf7_unit_tag\" value=\"wpcf7-f12220-o1\" \/><input type=\"hidden\" name=\"_wpcf7_container_post\" value=\"0\" \/><input type=\"hidden\" name=\"_wpcf7_posted_data_hash\" value=\"\" \/>\n<\/fieldset>\n<p><label style=\"color: #ffffff;\"> Name<br \/>\n<span class=\"wpcf7-form-control-wrap\" data-name=\"your-name\"><input size=\"40\" maxlength=\"400\" class=\"wpcf7-form-control wpcf7-text wpcf7-validates-as-required\" aria-required=\"true\" aria-invalid=\"false\" value=\"\" type=\"text\" name=\"your-name\" \/><\/span> <\/label>\n<\/p>\n<p><label style=\"color: #ffffff;\"> Email<br \/>\n<span class=\"wpcf7-form-control-wrap\" data-name=\"your-email\"><input size=\"40\" maxlength=\"400\" class=\"wpcf7-form-control wpcf7-email wpcf7-validates-as-required wpcf7-text wpcf7-validates-as-email\" aria-required=\"true\" aria-invalid=\"false\" value=\"\" type=\"email\" name=\"your-email\" \/><\/span> <\/label>\n<\/p>\n<p><label style=\"color: #ffffff\"> Subject<br \/>\n<span class=\"wpcf7-form-control-wrap\" data-name=\"your-subject\"><input size=\"40\" maxlength=\"400\" class=\"wpcf7-form-control wpcf7-text\" aria-invalid=\"false\" value=\"\" type=\"text\" name=\"your-subject\" \/><\/span> <\/label>\n<\/p>\n<p><input class=\"wpcf7-form-control wpcf7-submit has-spinner\" type=\"submit\" value=\"Submit\" \/>\n<\/p><div class=\"wpcf7-response-output\" aria-hidden=\"true\"><\/div>\n<\/form>\n<\/div>\n[\/vc_column][vc_column width=&#8221;1\/2&#8243; el_class=&#8221;fbottom&#8221; offset=&#8221;vc_hidden-xs&#8221;][vc_column_text]<iframe style=\"border: none; overflow: hidden;\" src=\"https:\/\/www.facebook.com\/plugins\/page.php?href=https%3A%2F%2Fwww.facebook.com%2Fcolegiobilinguecuscatlan&amp;tabs=timeline&amp;width=500&amp;height=600&amp;small_header=true&amp;adapt_container_width=true&amp;hide_cover=true&amp;show_facepile=false&amp;appId\" width=\"500\" height=\"450\" frameborder=\"0\" scrolling=\"no\"><\/iframe>[\/vc_column_text][\/vc_column][\/vc_row][\/vc_section]<\/p>\n","protected":false},"excerpt":{"rendered":"<p>[vc_section full_width=&#8221;stretch_row&#8221; css=&#8221;.vc_custom_1518808590422{background-image: url(http:\/\/cbcuscatlan.edu.sv\/cbc\/wp-content\/uploads\/2018\/02\/blog-header.png?id=824) !important;background-position: center !important;background-repeat: no-repeat !important;background-size: cover !important;}&#8221;][vc_row equal_height=&#8221;yes&#8221;][vc_column][stm_spacing lg_spacing=&#8221;50px&#8221;][stm_title title_align=&#8221;center&#8221; title_color=&#8221;custom&#8221; title=&#8221;Middle School Blogs&#8221; title_color_custom=&#8221;#ffffff&#8221; title_font_size=&#8221;40pt&#8221;][\/stm_title][stm_spacing lg_spacing=&#8221;50px&#8221;][\/vc_column][\/vc_row][\/vc_section][vc_section full_width=&#8221;stretch_row&#8221; css=&#8221;.vc_custom_1518808686841{padding-top: 125px !important;padding-bottom: 50px !important;background-color: #ffffff !important;}&#8221;][vc_row][vc_column width=&#8221;2\/3&#8243; offset=&#8221;vc_hidden-xs&#8221;][\/vc_column][vc_column width=&#8221;1\/3&#8243;][vc_widget_sidebar sidebar_id=&#8221;sidebar-event&#8221;][\/vc_column][\/vc_row][vc_row][vc_column width=&#8221;2\/3&#8243; css=&#8221;.vc_custom_1572626896147{margin-top: -85px !important;}&#8221; offset=&#8221;vc_hidden-sm vc_hidden-xs&#8221;][stm_posts view=&#8221;list&#8221; posts_category=&#8221;middle-school&#8221; pagination_enable=&#8221;true&#8221; posts_count=&#8221;6&#8243;][\/vc_column][vc_column width=&#8221;1\/3&#8243; el_class=&#8221;menu-blogs&#8221; css=&#8221;.vc_custom_1572626906502{padding-right: -10px !important;padding-left: -10px !important;background-color: #00aaff !important;}&#8221; offset=&#8221;vc_hidden-sm vc_hidden-xs&#8221;][vc_column_text] Grados [&hellip;]<\/p>\n","protected":false},"author":1,"featured_media":0,"parent":811,"menu_order":0,"comment_status":"closed","ping_status":"open","template":"","meta":{"footnotes":""},"class_list":["post-8470","page","type-page","status-publish","hentry"],"yoast_head":"<!-- This site is optimized with the Yoast SEO plugin v27.3 - https:\/\/yoast.com\/product\/yoast-seo-wordpress\/ -->\n<title>Middle School Blogs - Colegio Biling\u00fce Cuscatl\u00e1n<\/title>\n<meta name=\"robots\" content=\"index, follow, max-snippet:-1, max-image-preview:large, max-video-preview:-1\" \/>\n<link rel=\"canonical\" href=\"https:\/\/cbcuscatlan.edu.sv\/cbc\/blogs-de-clase\/middle-school-blogs\/\" \/>\n<meta property=\"og:locale\" content=\"en_US\" \/>\n<meta property=\"og:type\" content=\"article\" \/>\n<meta property=\"og:title\" content=\"Middle School Blogs - Colegio Biling\u00fce Cuscatl\u00e1n\" \/>\n<meta property=\"og:description\" content=\"[vc_section full_width=&#8221;stretch_row&#8221; css=&#8221;.vc_custom_1518808590422{background-image: url(http:\/\/cbcuscatlan.edu.sv\/cbc\/wp-content\/uploads\/2018\/02\/blog-header.png?id=824) !important;background-position: center !important;background-repeat: no-repeat !important;background-size: cover !important;}&#8221;][vc_row equal_height=&#8221;yes&#8221;][vc_column][stm_spacing lg_spacing=&#8221;50px&#8221;][stm_title title_align=&#8221;center&#8221; title_color=&#8221;custom&#8221; title=&#8221;Middle School Blogs&#8221; title_color_custom=&#8221;#ffffff&#8221; title_font_size=&#8221;40pt&#8221;][\/stm_title][stm_spacing lg_spacing=&#8221;50px&#8221;][\/vc_column][\/vc_row][\/vc_section][vc_section full_width=&#8221;stretch_row&#8221; css=&#8221;.vc_custom_1518808686841{padding-top: 125px !important;padding-bottom: 50px !important;background-color: #ffffff !important;}&#8221;][vc_row][vc_column width=&#8221;2\/3&#8243; offset=&#8221;vc_hidden-xs&#8221;][\/vc_column][vc_column width=&#8221;1\/3&#8243;][vc_widget_sidebar sidebar_id=&#8221;sidebar-event&#8221;][\/vc_column][\/vc_row][vc_row][vc_column width=&#8221;2\/3&#8243; css=&#8221;.vc_custom_1572626896147{margin-top: -85px !important;}&#8221; offset=&#8221;vc_hidden-sm vc_hidden-xs&#8221;][stm_posts view=&#8221;list&#8221; posts_category=&#8221;middle-school&#8221; pagination_enable=&#8221;true&#8221; posts_count=&#8221;6&#8243;][\/vc_column][vc_column width=&#8221;1\/3&#8243; el_class=&#8221;menu-blogs&#8221; css=&#8221;.vc_custom_1572626906502{padding-right: -10px !important;padding-left: -10px !important;background-color: #00aaff !important;}&#8221; offset=&#8221;vc_hidden-sm vc_hidden-xs&#8221;][vc_column_text] Grados [&hellip;]\" \/>\n<meta property=\"og:url\" content=\"https:\/\/cbcuscatlan.edu.sv\/cbc\/blogs-de-clase\/middle-school-blogs\/\" \/>\n<meta property=\"og:site_name\" content=\"Colegio Biling\u00fce Cuscatl\u00e1n\" \/>\n<meta property=\"article:publisher\" content=\"http:\/\/facebook.com\/colegiobilinguecuscatlan\" \/>\n<meta property=\"article:modified_time\" content=\"2025-07-10T20:22:33+00:00\" \/>\n<meta name=\"twitter:card\" content=\"summary_large_image\" \/>\n<meta name=\"twitter:label1\" content=\"Est. reading time\" \/>\n\t<meta name=\"twitter:data1\" content=\"1 minute\" \/>\n<script type=\"application\/ld+json\" class=\"yoast-schema-graph\">{\"@context\":\"https:\\\/\\\/schema.org\",\"@graph\":[{\"@type\":\"WebPage\",\"@id\":\"https:\\\/\\\/cbcuscatlan.edu.sv\\\/cbc\\\/blogs-de-clase\\\/middle-school-blogs\\\/\",\"url\":\"https:\\\/\\\/cbcuscatlan.edu.sv\\\/cbc\\\/blogs-de-clase\\\/middle-school-blogs\\\/\",\"name\":\"Middle School Blogs - Colegio Biling\u00fce Cuscatl\u00e1n\",\"isPartOf\":{\"@id\":\"http:\\\/\\\/cbcuscatlan.edu.sv\\\/cbc\\\/#website\"},\"datePublished\":\"2019-11-01T17:11:00+00:00\",\"dateModified\":\"2025-07-10T20:22:33+00:00\",\"breadcrumb\":{\"@id\":\"https:\\\/\\\/cbcuscatlan.edu.sv\\\/cbc\\\/blogs-de-clase\\\/middle-school-blogs\\\/#breadcrumb\"},\"inLanguage\":\"en-US\",\"potentialAction\":[{\"@type\":\"ReadAction\",\"target\":[\"https:\\\/\\\/cbcuscatlan.edu.sv\\\/cbc\\\/blogs-de-clase\\\/middle-school-blogs\\\/\"]}]},{\"@type\":\"BreadcrumbList\",\"@id\":\"https:\\\/\\\/cbcuscatlan.edu.sv\\\/cbc\\\/blogs-de-clase\\\/middle-school-blogs\\\/#breadcrumb\",\"itemListElement\":[{\"@type\":\"ListItem\",\"position\":1,\"name\":\"Home\",\"item\":\"https:\\\/\\\/cbcuscatlan.edu.sv\\\/cbc\\\/\"},{\"@type\":\"ListItem\",\"position\":2,\"name\":\"Blogs de clase\",\"item\":\"https:\\\/\\\/cbcuscatlan.edu.sv\\\/cbc\\\/blogs-de-clase\\\/\"},{\"@type\":\"ListItem\",\"position\":3,\"name\":\"Middle School Blogs\"}]},{\"@type\":\"WebSite\",\"@id\":\"http:\\\/\\\/cbcuscatlan.edu.sv\\\/cbc\\\/#website\",\"url\":\"http:\\\/\\\/cbcuscatlan.edu.sv\\\/cbc\\\/\",\"name\":\"Colegio Biling\u00fce Cuscatl\u00e1n\",\"description\":\"Colegio Biling\u00fce Cuscatl\u00e1n\",\"publisher\":{\"@id\":\"http:\\\/\\\/cbcuscatlan.edu.sv\\\/cbc\\\/#organization\"},\"potentialAction\":[{\"@type\":\"SearchAction\",\"target\":{\"@type\":\"EntryPoint\",\"urlTemplate\":\"http:\\\/\\\/cbcuscatlan.edu.sv\\\/cbc\\\/?s={search_term_string}\"},\"query-input\":{\"@type\":\"PropertyValueSpecification\",\"valueRequired\":true,\"valueName\":\"search_term_string\"}}],\"inLanguage\":\"en-US\"},{\"@type\":\"Organization\",\"@id\":\"http:\\\/\\\/cbcuscatlan.edu.sv\\\/cbc\\\/#organization\",\"name\":\"Colegio Biling\u00fce Cuscatl\u00e1n\",\"url\":\"http:\\\/\\\/cbcuscatlan.edu.sv\\\/cbc\\\/\",\"logo\":{\"@type\":\"ImageObject\",\"inLanguage\":\"en-US\",\"@id\":\"http:\\\/\\\/cbcuscatlan.edu.sv\\\/cbc\\\/#\\\/schema\\\/logo\\\/image\\\/\",\"url\":\"http:\\\/\\\/cbcuscatlan.edu.sv\\\/cbc\\\/wp-content\\\/uploads\\\/2018\\\/01\\\/logo.png\",\"contentUrl\":\"http:\\\/\\\/cbcuscatlan.edu.sv\\\/cbc\\\/wp-content\\\/uploads\\\/2018\\\/01\\\/logo.png\",\"width\":175,\"height\":175,\"caption\":\"Colegio Biling\u00fce Cuscatl\u00e1n\"},\"image\":{\"@id\":\"http:\\\/\\\/cbcuscatlan.edu.sv\\\/cbc\\\/#\\\/schema\\\/logo\\\/image\\\/\"},\"sameAs\":[\"http:\\\/\\\/facebook.com\\\/colegiobilinguecuscatlan\",\"http:\\\/\\\/instagram.com\\\/colegio_cbc\"]}]}<\/script>\n<!-- \/ Yoast SEO plugin. -->","yoast_head_json":{"title":"Middle School Blogs - Colegio Biling\u00fce Cuscatl\u00e1n","robots":{"index":"index","follow":"follow","max-snippet":"max-snippet:-1","max-image-preview":"max-image-preview:large","max-video-preview":"max-video-preview:-1"},"canonical":"https:\/\/cbcuscatlan.edu.sv\/cbc\/blogs-de-clase\/middle-school-blogs\/","og_locale":"en_US","og_type":"article","og_title":"Middle School Blogs - Colegio Biling\u00fce Cuscatl\u00e1n","og_description":"[vc_section full_width=&#8221;stretch_row&#8221; css=&#8221;.vc_custom_1518808590422{background-image: url(http:\/\/cbcuscatlan.edu.sv\/cbc\/wp-content\/uploads\/2018\/02\/blog-header.png?id=824) !important;background-position: center !important;background-repeat: no-repeat !important;background-size: cover !important;}&#8221;][vc_row equal_height=&#8221;yes&#8221;][vc_column][stm_spacing lg_spacing=&#8221;50px&#8221;][stm_title title_align=&#8221;center&#8221; title_color=&#8221;custom&#8221; title=&#8221;Middle School Blogs&#8221; title_color_custom=&#8221;#ffffff&#8221; title_font_size=&#8221;40pt&#8221;][\/stm_title][stm_spacing lg_spacing=&#8221;50px&#8221;][\/vc_column][\/vc_row][\/vc_section][vc_section full_width=&#8221;stretch_row&#8221; css=&#8221;.vc_custom_1518808686841{padding-top: 125px !important;padding-bottom: 50px !important;background-color: #ffffff !important;}&#8221;][vc_row][vc_column width=&#8221;2\/3&#8243; offset=&#8221;vc_hidden-xs&#8221;][\/vc_column][vc_column width=&#8221;1\/3&#8243;][vc_widget_sidebar sidebar_id=&#8221;sidebar-event&#8221;][\/vc_column][\/vc_row][vc_row][vc_column width=&#8221;2\/3&#8243; css=&#8221;.vc_custom_1572626896147{margin-top: -85px !important;}&#8221; offset=&#8221;vc_hidden-sm vc_hidden-xs&#8221;][stm_posts view=&#8221;list&#8221; posts_category=&#8221;middle-school&#8221; pagination_enable=&#8221;true&#8221; posts_count=&#8221;6&#8243;][\/vc_column][vc_column width=&#8221;1\/3&#8243; el_class=&#8221;menu-blogs&#8221; css=&#8221;.vc_custom_1572626906502{padding-right: -10px !important;padding-left: -10px !important;background-color: #00aaff !important;}&#8221; offset=&#8221;vc_hidden-sm vc_hidden-xs&#8221;][vc_column_text] Grados [&hellip;]","og_url":"https:\/\/cbcuscatlan.edu.sv\/cbc\/blogs-de-clase\/middle-school-blogs\/","og_site_name":"Colegio Biling\u00fce Cuscatl\u00e1n","article_publisher":"http:\/\/facebook.com\/colegiobilinguecuscatlan","article_modified_time":"2025-07-10T20:22:33+00:00","twitter_card":"summary_large_image","twitter_misc":{"Est. reading time":"1 minute"},"schema":{"@context":"https:\/\/schema.org","@graph":[{"@type":"WebPage","@id":"https:\/\/cbcuscatlan.edu.sv\/cbc\/blogs-de-clase\/middle-school-blogs\/","url":"https:\/\/cbcuscatlan.edu.sv\/cbc\/blogs-de-clase\/middle-school-blogs\/","name":"Middle School Blogs - Colegio Biling\u00fce Cuscatl\u00e1n","isPartOf":{"@id":"http:\/\/cbcuscatlan.edu.sv\/cbc\/#website"},"datePublished":"2019-11-01T17:11:00+00:00","dateModified":"2025-07-10T20:22:33+00:00","breadcrumb":{"@id":"https:\/\/cbcuscatlan.edu.sv\/cbc\/blogs-de-clase\/middle-school-blogs\/#breadcrumb"},"inLanguage":"en-US","potentialAction":[{"@type":"ReadAction","target":["https:\/\/cbcuscatlan.edu.sv\/cbc\/blogs-de-clase\/middle-school-blogs\/"]}]},{"@type":"BreadcrumbList","@id":"https:\/\/cbcuscatlan.edu.sv\/cbc\/blogs-de-clase\/middle-school-blogs\/#breadcrumb","itemListElement":[{"@type":"ListItem","position":1,"name":"Home","item":"https:\/\/cbcuscatlan.edu.sv\/cbc\/"},{"@type":"ListItem","position":2,"name":"Blogs de clase","item":"https:\/\/cbcuscatlan.edu.sv\/cbc\/blogs-de-clase\/"},{"@type":"ListItem","position":3,"name":"Middle School Blogs"}]},{"@type":"WebSite","@id":"http:\/\/cbcuscatlan.edu.sv\/cbc\/#website","url":"http:\/\/cbcuscatlan.edu.sv\/cbc\/","name":"Colegio Biling\u00fce Cuscatl\u00e1n","description":"Colegio Biling\u00fce Cuscatl\u00e1n","publisher":{"@id":"http:\/\/cbcuscatlan.edu.sv\/cbc\/#organization"},"potentialAction":[{"@type":"SearchAction","target":{"@type":"EntryPoint","urlTemplate":"http:\/\/cbcuscatlan.edu.sv\/cbc\/?s={search_term_string}"},"query-input":{"@type":"PropertyValueSpecification","valueRequired":true,"valueName":"search_term_string"}}],"inLanguage":"en-US"},{"@type":"Organization","@id":"http:\/\/cbcuscatlan.edu.sv\/cbc\/#organization","name":"Colegio Biling\u00fce Cuscatl\u00e1n","url":"http:\/\/cbcuscatlan.edu.sv\/cbc\/","logo":{"@type":"ImageObject","inLanguage":"en-US","@id":"http:\/\/cbcuscatlan.edu.sv\/cbc\/#\/schema\/logo\/image\/","url":"http:\/\/cbcuscatlan.edu.sv\/cbc\/wp-content\/uploads\/2018\/01\/logo.png","contentUrl":"http:\/\/cbcuscatlan.edu.sv\/cbc\/wp-content\/uploads\/2018\/01\/logo.png","width":175,"height":175,"caption":"Colegio Biling\u00fce Cuscatl\u00e1n"},"image":{"@id":"http:\/\/cbcuscatlan.edu.sv\/cbc\/#\/schema\/logo\/image\/"},"sameAs":["http:\/\/facebook.com\/colegiobilinguecuscatlan","http:\/\/instagram.com\/colegio_cbc"]}]}},"_links":{"self":[{"href":"https:\/\/cbcuscatlan.edu.sv\/cbc\/wp-json\/wp\/v2\/pages\/8470","targetHints":{"allow":["GET"]}}],"collection":[{"href":"https:\/\/cbcuscatlan.edu.sv\/cbc\/wp-json\/wp\/v2\/pages"}],"about":[{"href":"https:\/\/cbcuscatlan.edu.sv\/cbc\/wp-json\/wp\/v2\/types\/page"}],"author":[{"embeddable":true,"href":"https:\/\/cbcuscatlan.edu.sv\/cbc\/wp-json\/wp\/v2\/users\/1"}],"replies":[{"embeddable":true,"href":"https:\/\/cbcuscatlan.edu.sv\/cbc\/wp-json\/wp\/v2\/comments?post=8470"}],"version-history":[{"count":5,"href":"https:\/\/cbcuscatlan.edu.sv\/cbc\/wp-json\/wp\/v2\/pages\/8470\/revisions"}],"predecessor-version":[{"id":21930,"href":"https:\/\/cbcuscatlan.edu.sv\/cbc\/wp-json\/wp\/v2\/pages\/8470\/revisions\/21930"}],"up":[{"embeddable":true,"href":"https:\/\/cbcuscatlan.edu.sv\/cbc\/wp-json\/wp\/v2\/pages\/811"}],"wp:attachment":[{"href":"https:\/\/cbcuscatlan.edu.sv\/cbc\/wp-json\/wp\/v2\/media?parent=8470"}],"curies":[{"name":"wp","href":"https:\/\/api.w.org\/{rel}","templated":true}]}}