{"id":827,"date":"2018-02-15T21:58:58","date_gmt":"2018-02-15T21:58:58","guid":{"rendered":"http:\/\/cbcuscatlan.edu.sv\/cbc\/?page_id=827"},"modified":"2025-07-10T15:41:20","modified_gmt":"2025-07-10T21:41:20","slug":"admisiones","status":"publish","type":"page","link":"https:\/\/cbcuscatlan.edu.sv\/cbc\/admisiones\/","title":{"rendered":"Admisiones"},"content":{"rendered":"<p>[vc_section full_width=&#8221;stretch_row&#8221; css=&#8221;.vc_custom_1752001076142{background-image: url(http:\/\/cbcuscatlan.edu.sv\/cbc\/wp-content\/uploads\/2025\/07\/imageedit_1_7503098496.png?id=22973) !important;background-position: center !important;background-repeat: no-repeat !important;background-size: cover !important;}&#8221;][vc_row equal_height=&#8221;yes&#8221;][vc_column][stm_spacing lg_spacing=&#8221;50px&#8221;][stm_title title_color=&#8221;custom&#8221; sep_color=&#8221;custom&#8221; sep_enable=&#8221;true&#8221; title=&#8221;Admisiones&#8221; sep_line_width=&#8221;90px&#8221; sep_line_height=&#8221;0px&#8221; title_font_size=&#8221;40pt&#8221; sep_color_custom=&#8221;#b8141a&#8221; title_color_custom=&#8221;#ffffff&#8221;][\/stm_title][stm_spacing lg_spacing=&#8221;20px&#8221;][\/vc_column][\/vc_row][\/vc_section][vc_section full_width=&#8221;stretch_row&#8221; css=&#8221;.vc_custom_1518721490085{background-color: #e7e7e7 !important;}&#8221;][vc_row][vc_column css=&#8221;.vc_custom_1518727488195{background-color: #e7e7e7 !important;}&#8221;][vc_column_text el_class=&#8221;texto-admision-1&#8243;]El Colegio Biling\u00fce Cuscatl\u00e1n actualmente se encuentra matriculando desde el nivel de <strong>Parvularia (desde los 3 a\u00f1os) hasta Octavo grado<\/strong>, contamos tambi\u00e9n con un programa de nivelaci\u00f3n en ingl\u00e9s (ESL), para ni\u00f1os que provengan de colegios no biling\u00fces hasta Tercer Grado.[\/vc_column_text][\/vc_column][\/vc_row][\/vc_section][vc_section full_width=&#8221;stretch_row&#8221; css=&#8221;.vc_custom_1519835605209{padding-bottom: 100px !important;background-color: #e7e7e7 !important;background-position: center !important;background-repeat: no-repeat !important;background-size: cover !important;}&#8221;][vc_row full_width=&#8221;stretch_row&#8221;][vc_column el_class=&#8221;nuestraoferta&#8221;][stm_title title_align=&#8221;center&#8221; title_color=&#8221;custom&#8221; sep_color=&#8221;custom&#8221; title_font_weight=&#8221;100&#8243; title_font_style=&#8221;normal&#8221; sep_enable=&#8221;true&#8221; title=&#8221;Proceso de Admisi\u00f3n&#8221; title_color_custom=&#8221;#181c8f&#8221; sep_color_custom=&#8221;#bb1e2b&#8221; sep_line_width=&#8221;75px&#8221; title_font_size=&#8221;50px&#8221; title_margin_t=&#8221;25px&#8221;][\/stm_title][\/vc_column][\/vc_row][vc_row][vc_column offset=&#8221;vc_hidden-sm vc_hidden-xs&#8221;][vc_row_inner css=&#8221;.vc_custom_1534263116430{padding-bottom: 35px !important;background-color: #ffffff !important;}&#8221;][vc_column_inner width=&#8221;1\/3&#8243;][vc_single_image image=&#8221;2174&#8243; img_size=&#8221;full&#8221; alignment=&#8221;center&#8221;][stm_btn_simple btn_color=&#8221;custom&#8221; btn_alignment=&#8221;center&#8221; btn_link=&#8221;url:http%3A%2F%2Fsolicitud.cbcuscatlan.edu.sv%2Fcbc%2Fsolicitud_ingreso%2Fprincipal%2F|title:LLENAR%20EL%20FORMULARIO%20AQU%C3%8D|target:%20_blank|&#8221; btn_link_text=&#8221;LLENAR EL FORMULARIO AQU\u00cd&#8221; btn_color_custom_border=&#8221;#bb1e2b&#8221; btn_color_custom_text=&#8221;#bb1e2b&#8221; btn_color_custom_hover_bg=&#8221;#bb1e2b&#8221; btn_color_custom_hover_text=&#8221;#ffffff&#8221; btn_color_custom_bg=&#8221;#ffffff&#8221; btn_color_custom_active_bg=&#8221;#a6a6a6&#8243; btn_margin_r=&#8221;30px&#8221; btn_margin_l=&#8221;30px&#8221; btn_margin_t=&#8221;-15px&#8221;][vc_empty_space height=&#8221;70px&#8221;][vc_single_image image=&#8221;2182&#8243; img_size=&#8221;full&#8221; alignment=&#8221;center&#8221;][\/vc_column_inner][vc_column_inner width=&#8221;1\/3&#8243;][vc_single_image image=&#8221;2175&#8243; img_size=&#8221;full&#8221; alignment=&#8221;center&#8221;][vc_empty_space height=&#8221;100px&#8221;][vc_single_image image=&#8221;2181&#8243; img_size=&#8221;full&#8221; alignment=&#8221;center&#8221;][\/vc_column_inner][vc_column_inner width=&#8221;1\/3&#8243;][vc_single_image image=&#8221;2185&#8243; img_size=&#8221;full&#8221; alignment=&#8221;center&#8221;][vc_single_image image=&#8221;2168&#8243; img_size=&#8221;65&#215;65&#8243; alignment=&#8221;center&#8221;][vc_single_image image=&#8221;2179&#8243; img_size=&#8221;full&#8221; alignment=&#8221;center&#8221;][\/vc_column_inner][\/vc_row_inner][\/vc_column][\/vc_row][vc_row css=&#8221;.vc_custom_1534260570831{background-color: #ffffff !important;}&#8221;][vc_column width=&#8221;1\/3&#8243; offset=&#8221;vc_hidden-lg&#8221;][\/vc_column][vc_column width=&#8221;1\/3&#8243; offset=&#8221;vc_hidden-lg vc_hidden-md&#8221;][vc_single_image image=&#8221;2167&#8243; img_size=&#8221;large&#8221; alignment=&#8221;center&#8221;][stm_btn_simple btn_color=&#8221;custom&#8221; btn_alignment=&#8221;center&#8221; btn_link=&#8221;url:http%3A%2F%2Fsolicitud.cbcuscatlan.edu.sv%2Fcbc%2Fsolicitud_ingreso%2Fprincipal%2F|title:LLENAR%20EL%20FORMULARIO%20AQU%C3%8D|target:%20_blank|&#8221; btn_link_text=&#8221;LLENAR EL FORMULARIO AQU\u00cd&#8221; btn_color_custom_border=&#8221;#bb1e2b&#8221; btn_color_custom_text=&#8221;#bb1e2b&#8221; btn_color_custom_hover_bg=&#8221;#bb1e2b&#8221; btn_color_custom_hover_text=&#8221;#ffffff&#8221; btn_color_custom_bg=&#8221;#ffffff&#8221; btn_color_custom_active_bg=&#8221;#a6a6a6&#8243; btn_margin_r=&#8221;30px&#8221; btn_margin_l=&#8221;30px&#8221; btn_margin_t=&#8221;-35px&#8221;][vc_single_image image=&#8221;2168&#8243; img_size=&#8221;50&#215;50&#8243; alignment=&#8221;center&#8221; css=&#8221;.vc_custom_1534260821109{margin-top: 50px !important;}&#8221;][vc_single_image image=&#8221;2169&#8243; img_size=&#8221;large&#8221; alignment=&#8221;center&#8221;][vc_single_image image=&#8221;2168&#8243; img_size=&#8221;50&#215;50&#8243; alignment=&#8221;center&#8221; css=&#8221;.vc_custom_1534260821109{margin-top: 50px !important;}&#8221;][vc_single_image image=&#8221;2186&#8243; img_size=&#8221;large&#8221; alignment=&#8221;center&#8221;][vc_single_image image=&#8221;2168&#8243; img_size=&#8221;50&#215;50&#8243; alignment=&#8221;center&#8221; css=&#8221;.vc_custom_1534260821109{margin-top: 50px !important;}&#8221;][vc_single_image image=&#8221;2171&#8243; img_size=&#8221;large&#8221; alignment=&#8221;center&#8221;][vc_single_image image=&#8221;2168&#8243; img_size=&#8221;50&#215;50&#8243; alignment=&#8221;center&#8221; css=&#8221;.vc_custom_1534260821109{margin-top: 50px !important;}&#8221;][vc_single_image image=&#8221;2184&#8243; img_size=&#8221;large&#8221; alignment=&#8221;center&#8221;][vc_single_image image=&#8221;2168&#8243; img_size=&#8221;50&#215;50&#8243; alignment=&#8221;center&#8221; css=&#8221;.vc_custom_1534260821109{margin-top: 50px !important;}&#8221;][vc_single_image image=&#8221;2173&#8243; img_size=&#8221;large&#8221; alignment=&#8221;center&#8221;][\/vc_column][vc_column width=&#8221;1\/3&#8243; offset=&#8221;vc_hidden-lg vc_hidden-md&#8221;][\/vc_column][\/vc_row][\/vc_section][vc_section full_width=&#8221;stretch_row&#8221; css=&#8221;.vc_custom_1521499447221{background-color: #ffffff !important;}&#8221; el_class=&#8221;requisitos-de-inscripcion-2&#8243; el_id=&#8221;requisitos-de-inscripcion&#8221;][vc_row css=&#8221;.vc_custom_1518732726856{margin-top: -60px !important;background-position: center !important;background-repeat: no-repeat !important;background-size: contain !important;}&#8221;][vc_column width=&#8221;2\/3&#8243;][stm_title title_color=&#8221;custom&#8221; sep_color=&#8221;custom&#8221; title_font_weight=&#8221;100&#8243; title_font_style=&#8221;normal&#8221; sep_enable=&#8221;true&#8221; title=&#8221;Requisitos de Inscripci\u00f3n&#8221; title_color_custom=&#8221;#181c8f&#8221; sep_color_custom=&#8221;#bb1e2b&#8221; sep_line_width=&#8221;75px&#8221; title_font_size=&#8221;40px&#8221; title_margin_t=&#8221;25px&#8221;][\/stm_title][vc_column_text]<\/p>\n<style>li.circle {background:url('http:\/\/cbcuscatlan.edu.sv\/assets\/images\/list-circle-s.png')no-repeat left 5px; display: block; padding-left: 20px; font-size: 14pt;} ul.no_bullets{ list-style-type: none; padding: 0; margin: 0;} <\/style>\n<ul class=\"no_bullets\">\n<li class=\"circle\"><a href=\"http:\/\/administracion.cbcuscatlan.edu.sv\/cbc\/solicitud\/\" target=\"_blank\" rel=\"noopener noreferrer\">Solicitud de ingreso (Haz Click)<\/a><\/li>\n<\/ul>\n<p>[\/vc_column_text][\/vc_column][vc_column width=&#8221;1\/3&#8243; css=&#8221;.vc_custom_1518730934313{padding-right: 200px !important;}&#8221;][\/vc_column][\/vc_row][\/vc_section][vc_section full_width=&#8221;stretch_row&#8221; css=&#8221;.vc_custom_1530027758755{padding-bottom: 25px !important;background-color: #eaeaea !important;background-position: center !important;background-repeat: no-repeat !important;background-size: cover !important;}&#8221;][vc_row full_width=&#8221;stretch_row&#8221;][vc_column el_class=&#8221;nuestraoferta&#8221;][stm_title title_align=&#8221;center&#8221; title_color=&#8221;custom&#8221; sep_color=&#8221;custom&#8221; title_font_weight=&#8221;100&#8243; title_font_style=&#8221;normal&#8221; sep_enable=&#8221;true&#8221; title=&#8221;Nuestra oferta acad\u00e9mica&#8221; title_color_custom=&#8221;#020202&#8243; sep_color_custom=&#8221;#2d3091&#8243; sep_line_width=&#8221;150px&#8221; title_font_size=&#8221;50px&#8221; title_margin_t=&#8221;25px&#8221;][\/stm_title][\/vc_column][\/vc_row][vc_row full_width=&#8221;stretch_row_content&#8221; gap=&#8221;35&#8243;][vc_column width=&#8221;1\/4&#8243; css=&#8221;.vc_custom_1517343287821{background-position: center !important;background-repeat: no-repeat !important;background-size: cover !important;}&#8221;][stm_action_box text_alignment=&#8221;center&#8221; img_id=&#8221;22986&#8243; img_size=&#8221;500&#215;500&#8243; title=&#8221;Parvularia&#8221; action_box_link=&#8221;url:https%3A%2F%2Fcbcuscatlan.edu.sv%2Fcbc%2Fnivel-academico-parvularia%2F|target:_blank&#8221;][\/vc_column][vc_column width=&#8221;1\/4&#8243; css=&#8221;.vc_custom_1517343338202{background-position: center !important;background-repeat: no-repeat !important;background-size: cover !important;}&#8221;][stm_action_box text_alignment=&#8221;center&#8221; img_id=&#8221;22988&#8243; img_size=&#8221;500&#215;500&#8243; title=&#8221;Primaria&#8221; action_box_link=&#8221;url:https%3A%2F%2Fcbcuscatlan.edu.sv%2Fcbc%2Fnivel-academico-primaria-primer-segundo-ciclo%2F|target:_blank&#8221;][\/vc_column][vc_column width=&#8221;1\/4&#8243; css=&#8221;.vc_custom_1517343361251{background-position: center !important;background-repeat: no-repeat !important;background-size: cover !important;}&#8221;][stm_action_box text_alignment=&#8221;center&#8221; img_id=&#8221;22987&#8243; img_size=&#8221;500&#215;500&#8243; title=&#8221;Secundaria&#8221; action_box_link=&#8221;url:https%3A%2F%2Fcbcuscatlan.edu.sv%2Fcbc%2Fnivel-academico-secundaria%2F|target:_blank&#8221;][\/vc_column][vc_column width=&#8221;1\/4&#8243; css=&#8221;.vc_custom_1517343384253{background-position: center !important;background-repeat: no-repeat !important;background-size: cover !important;}&#8221;][stm_action_box text_alignment=&#8221;center&#8221; img_id=&#8221;22989&#8243; img_size=&#8221;500&#215;500&#8243; title=&#8221;Bachillerato&#8221; action_box_link=&#8221;url:https%3A%2F%2Fcbcuscatlan.edu.sv%2Fcbc%2Fnivel-academico-bachillerato%2F|target:_blank&#8221;][\/vc_column][\/vc_row][\/vc_section][vc_section full_width=&#8221;stretch_row&#8221; css=&#8221;.vc_custom_1517937625301{background-image: url(http:\/\/cbcuscatlan.edu.sv\/cbc\/wp-content\/uploads\/2018\/01\/fondo-de-pantalla.png?id=57) !important;background-position: center !important;background-repeat: no-repeat !important;background-size: cover !important;}&#8221;][vc_row][vc_column][stm_title title_align=&#8221;center&#8221; title_color=&#8221;custom&#8221; sep_color=&#8221;custom&#8221; title_font_weight=&#8221;500&#8243; sep_enable=&#8221;true&#8221; title=&#8221;Conoce m\u00e1s de nosotros&#8221; sep_color_custom=&#8221;#ffffff&#8221; title_color_custom=&#8221;#ffffff&#8221; sep_line_width=&#8221;100px&#8221; title_font_size=&#8221;50px&#8221;][\/stm_title][\/vc_column][\/vc_row][vc_row gap=&#8221;35&#8243;][vc_column width=&#8221;1\/2&#8243; el_class=&#8221;contactformbottom&#8221;]\n<div class=\"wpcf7 no-js\" id=\"wpcf7-f12214-o1\" lang=\"en-US\" dir=\"ltr\" data-wpcf7-id=\"12214\">\n<div class=\"screen-reader-response\"><p role=\"status\" aria-live=\"polite\" aria-atomic=\"true\"><\/p> <ul><\/ul><\/div>\n<form action=\"\/cbc\/wp-json\/wp\/v2\/pages\/827#wpcf7-f12214-o1\" method=\"post\" class=\"wpcf7-form init\" aria-label=\"Contact form\" novalidate=\"novalidate\" data-status=\"init\">\n<fieldset class=\"hidden-fields-container\"><input type=\"hidden\" name=\"_wpcf7\" value=\"12214\" \/><input type=\"hidden\" name=\"_wpcf7_version\" value=\"6.1.5\" \/><input type=\"hidden\" name=\"_wpcf7_locale\" value=\"en_US\" \/><input type=\"hidden\" name=\"_wpcf7_unit_tag\" value=\"wpcf7-f12214-o1\" \/><input type=\"hidden\" name=\"_wpcf7_container_post\" value=\"0\" \/><input type=\"hidden\" name=\"_wpcf7_posted_data_hash\" value=\"\" \/>\n<\/fieldset>\n<p><label style=\"color: #ffffff;\"> Nombre<br \/>\n<span class=\"wpcf7-form-control-wrap\" data-name=\"your-name\"><input size=\"40\" maxlength=\"400\" class=\"wpcf7-form-control wpcf7-text wpcf7-validates-as-required\" aria-required=\"true\" aria-invalid=\"false\" value=\"\" type=\"text\" name=\"your-name\" \/><\/span> <\/label>\n<\/p>\n<p><label style=\"color: #ffffff;\"> Email<br \/>\n<span class=\"wpcf7-form-control-wrap\" data-name=\"your-email\"><input size=\"40\" maxlength=\"400\" class=\"wpcf7-form-control wpcf7-email wpcf7-validates-as-required wpcf7-text wpcf7-validates-as-email\" aria-required=\"true\" aria-invalid=\"false\" value=\"\" type=\"email\" name=\"your-email\" \/><\/span> <\/label>\n<\/p>\n<p><label style=\"color: #ffffff\"> Tema<br \/>\n<span class=\"wpcf7-form-control-wrap\" data-name=\"your-subject\"><input size=\"40\" maxlength=\"400\" class=\"wpcf7-form-control wpcf7-text\" aria-invalid=\"false\" value=\"\" type=\"text\" name=\"your-subject\" \/><\/span> <\/label>\n<\/p>\n<p><input class=\"wpcf7-form-control wpcf7-submit has-spinner\" type=\"submit\" value=\"Enviar\" \/>\n<\/p><div class=\"wpcf7-response-output\" aria-hidden=\"true\"><\/div>\n<\/form>\n<\/div>\n[\/vc_column][vc_column width=&#8221;1\/2&#8243; el_class=&#8221;fbottom&#8221; offset=&#8221;vc_hidden-xs&#8221;][vc_column_text]<iframe style=\"border: none; overflow: hidden;\" src=\"https:\/\/www.facebook.com\/plugins\/page.php?href=https%3A%2F%2Fwww.facebook.com%2Fcolegiobilinguecuscatlan&amp;tabs=timeline&amp;width=500&amp;height=600&amp;small_header=true&amp;adapt_container_width=true&amp;hide_cover=true&amp;show_facepile=false&amp;appId\" width=\"500\" height=\"450\" frameborder=\"0\" scrolling=\"no\"><\/iframe>[\/vc_column_text][\/vc_column][\/vc_row][\/vc_section]<\/p>\n","protected":false},"excerpt":{"rendered":"<p>[vc_section full_width=&#8221;stretch_row&#8221; css=&#8221;.vc_custom_1752001076142{background-image: url(http:\/\/cbcuscatlan.edu.sv\/cbc\/wp-content\/uploads\/2025\/07\/imageedit_1_7503098496.png?id=22973) !important;background-position: center !important;background-repeat: no-repeat !important;background-size: cover !important;}&#8221;][vc_row equal_height=&#8221;yes&#8221;][vc_column][stm_spacing lg_spacing=&#8221;50px&#8221;][stm_title title_color=&#8221;custom&#8221; sep_color=&#8221;custom&#8221; sep_enable=&#8221;true&#8221; title=&#8221;Admisiones&#8221; sep_line_width=&#8221;90px&#8221; sep_line_height=&#8221;0px&#8221; title_font_size=&#8221;40pt&#8221; sep_color_custom=&#8221;#b8141a&#8221; title_color_custom=&#8221;#ffffff&#8221;][\/stm_title][stm_spacing lg_spacing=&#8221;20px&#8221;][\/vc_column][\/vc_row][\/vc_section][vc_section full_width=&#8221;stretch_row&#8221; css=&#8221;.vc_custom_1518721490085{background-color: #e7e7e7 !important;}&#8221;][vc_row][vc_column css=&#8221;.vc_custom_1518727488195{background-color: #e7e7e7 !important;}&#8221;][vc_column_text el_class=&#8221;texto-admision-1&#8243;]El Colegio Biling\u00fce Cuscatl\u00e1n actualmente se encuentra matriculando desde el nivel de Parvularia (desde los 3 a\u00f1os) hasta Octavo grado, contamos tambi\u00e9n con un programa [&hellip;]<\/p>\n","protected":false},"author":1,"featured_media":0,"parent":0,"menu_order":0,"comment_status":"closed","ping_status":"open","template":"","meta":{"footnotes":""},"class_list":["post-827","page","type-page","status-publish","hentry"],"yoast_head":"<!-- This site is optimized with the Yoast SEO plugin v27.3 - https:\/\/yoast.com\/product\/yoast-seo-wordpress\/ -->\n<title>Admisiones - Colegio Biling\u00fce Cuscatl\u00e1n<\/title>\n<meta name=\"robots\" content=\"index, follow, max-snippet:-1, max-image-preview:large, max-video-preview:-1\" \/>\n<link rel=\"canonical\" href=\"https:\/\/cbcuscatlan.edu.sv\/cbc\/admisiones\/\" \/>\n<meta property=\"og:locale\" content=\"en_US\" \/>\n<meta property=\"og:type\" content=\"article\" \/>\n<meta property=\"og:title\" content=\"Admisiones - Colegio Biling\u00fce Cuscatl\u00e1n\" \/>\n<meta property=\"og:description\" content=\"[vc_section full_width=&#8221;stretch_row&#8221; css=&#8221;.vc_custom_1752001076142{background-image: url(http:\/\/cbcuscatlan.edu.sv\/cbc\/wp-content\/uploads\/2025\/07\/imageedit_1_7503098496.png?id=22973) !important;background-position: center !important;background-repeat: no-repeat !important;background-size: cover !important;}&#8221;][vc_row equal_height=&#8221;yes&#8221;][vc_column][stm_spacing lg_spacing=&#8221;50px&#8221;][stm_title title_color=&#8221;custom&#8221; sep_color=&#8221;custom&#8221; sep_enable=&#8221;true&#8221; title=&#8221;Admisiones&#8221; sep_line_width=&#8221;90px&#8221; sep_line_height=&#8221;0px&#8221; title_font_size=&#8221;40pt&#8221; sep_color_custom=&#8221;#b8141a&#8221; title_color_custom=&#8221;#ffffff&#8221;][\/stm_title][stm_spacing lg_spacing=&#8221;20px&#8221;][\/vc_column][\/vc_row][\/vc_section][vc_section full_width=&#8221;stretch_row&#8221; css=&#8221;.vc_custom_1518721490085{background-color: #e7e7e7 !important;}&#8221;][vc_row][vc_column css=&#8221;.vc_custom_1518727488195{background-color: #e7e7e7 !important;}&#8221;][vc_column_text el_class=&#8221;texto-admision-1&#8243;]El Colegio Biling\u00fce Cuscatl\u00e1n actualmente se encuentra matriculando desde el nivel de Parvularia (desde los 3 a\u00f1os) hasta Octavo grado, contamos tambi\u00e9n con un programa [&hellip;]\" \/>\n<meta property=\"og:url\" content=\"https:\/\/cbcuscatlan.edu.sv\/cbc\/admisiones\/\" \/>\n<meta property=\"og:site_name\" content=\"Colegio Biling\u00fce Cuscatl\u00e1n\" \/>\n<meta property=\"article:publisher\" content=\"http:\/\/facebook.com\/colegiobilinguecuscatlan\" \/>\n<meta property=\"article:modified_time\" content=\"2025-07-10T21:41:20+00:00\" \/>\n<meta name=\"twitter:card\" content=\"summary_large_image\" \/>\n<meta name=\"twitter:label1\" content=\"Est. reading time\" \/>\n\t<meta name=\"twitter:data1\" content=\"2 minutes\" \/>\n<script type=\"application\/ld+json\" class=\"yoast-schema-graph\">{\"@context\":\"https:\\\/\\\/schema.org\",\"@graph\":[{\"@type\":\"WebPage\",\"@id\":\"https:\\\/\\\/cbcuscatlan.edu.sv\\\/cbc\\\/admisiones\\\/\",\"url\":\"https:\\\/\\\/cbcuscatlan.edu.sv\\\/cbc\\\/admisiones\\\/\",\"name\":\"Admisiones - Colegio Biling\u00fce Cuscatl\u00e1n\",\"isPartOf\":{\"@id\":\"http:\\\/\\\/cbcuscatlan.edu.sv\\\/cbc\\\/#website\"},\"datePublished\":\"2018-02-15T21:58:58+00:00\",\"dateModified\":\"2025-07-10T21:41:20+00:00\",\"breadcrumb\":{\"@id\":\"https:\\\/\\\/cbcuscatlan.edu.sv\\\/cbc\\\/admisiones\\\/#breadcrumb\"},\"inLanguage\":\"en-US\",\"potentialAction\":[{\"@type\":\"ReadAction\",\"target\":[\"https:\\\/\\\/cbcuscatlan.edu.sv\\\/cbc\\\/admisiones\\\/\"]}]},{\"@type\":\"BreadcrumbList\",\"@id\":\"https:\\\/\\\/cbcuscatlan.edu.sv\\\/cbc\\\/admisiones\\\/#breadcrumb\",\"itemListElement\":[{\"@type\":\"ListItem\",\"position\":1,\"name\":\"Home\",\"item\":\"https:\\\/\\\/cbcuscatlan.edu.sv\\\/cbc\\\/\"},{\"@type\":\"ListItem\",\"position\":2,\"name\":\"Admisiones\"}]},{\"@type\":\"WebSite\",\"@id\":\"http:\\\/\\\/cbcuscatlan.edu.sv\\\/cbc\\\/#website\",\"url\":\"http:\\\/\\\/cbcuscatlan.edu.sv\\\/cbc\\\/\",\"name\":\"Colegio Biling\u00fce Cuscatl\u00e1n\",\"description\":\"Colegio Biling\u00fce Cuscatl\u00e1n\",\"publisher\":{\"@id\":\"http:\\\/\\\/cbcuscatlan.edu.sv\\\/cbc\\\/#organization\"},\"potentialAction\":[{\"@type\":\"SearchAction\",\"target\":{\"@type\":\"EntryPoint\",\"urlTemplate\":\"http:\\\/\\\/cbcuscatlan.edu.sv\\\/cbc\\\/?s={search_term_string}\"},\"query-input\":{\"@type\":\"PropertyValueSpecification\",\"valueRequired\":true,\"valueName\":\"search_term_string\"}}],\"inLanguage\":\"en-US\"},{\"@type\":\"Organization\",\"@id\":\"http:\\\/\\\/cbcuscatlan.edu.sv\\\/cbc\\\/#organization\",\"name\":\"Colegio Biling\u00fce Cuscatl\u00e1n\",\"url\":\"http:\\\/\\\/cbcuscatlan.edu.sv\\\/cbc\\\/\",\"logo\":{\"@type\":\"ImageObject\",\"inLanguage\":\"en-US\",\"@id\":\"http:\\\/\\\/cbcuscatlan.edu.sv\\\/cbc\\\/#\\\/schema\\\/logo\\\/image\\\/\",\"url\":\"http:\\\/\\\/cbcuscatlan.edu.sv\\\/cbc\\\/wp-content\\\/uploads\\\/2018\\\/01\\\/logo.png\",\"contentUrl\":\"http:\\\/\\\/cbcuscatlan.edu.sv\\\/cbc\\\/wp-content\\\/uploads\\\/2018\\\/01\\\/logo.png\",\"width\":175,\"height\":175,\"caption\":\"Colegio Biling\u00fce Cuscatl\u00e1n\"},\"image\":{\"@id\":\"http:\\\/\\\/cbcuscatlan.edu.sv\\\/cbc\\\/#\\\/schema\\\/logo\\\/image\\\/\"},\"sameAs\":[\"http:\\\/\\\/facebook.com\\\/colegiobilinguecuscatlan\",\"http:\\\/\\\/instagram.com\\\/colegio_cbc\"]}]}<\/script>\n<!-- \/ Yoast SEO plugin. -->","yoast_head_json":{"title":"Admisiones - Colegio Biling\u00fce Cuscatl\u00e1n","robots":{"index":"index","follow":"follow","max-snippet":"max-snippet:-1","max-image-preview":"max-image-preview:large","max-video-preview":"max-video-preview:-1"},"canonical":"https:\/\/cbcuscatlan.edu.sv\/cbc\/admisiones\/","og_locale":"en_US","og_type":"article","og_title":"Admisiones - Colegio Biling\u00fce Cuscatl\u00e1n","og_description":"[vc_section full_width=&#8221;stretch_row&#8221; css=&#8221;.vc_custom_1752001076142{background-image: url(http:\/\/cbcuscatlan.edu.sv\/cbc\/wp-content\/uploads\/2025\/07\/imageedit_1_7503098496.png?id=22973) !important;background-position: center !important;background-repeat: no-repeat !important;background-size: cover !important;}&#8221;][vc_row equal_height=&#8221;yes&#8221;][vc_column][stm_spacing lg_spacing=&#8221;50px&#8221;][stm_title title_color=&#8221;custom&#8221; sep_color=&#8221;custom&#8221; sep_enable=&#8221;true&#8221; title=&#8221;Admisiones&#8221; sep_line_width=&#8221;90px&#8221; sep_line_height=&#8221;0px&#8221; title_font_size=&#8221;40pt&#8221; sep_color_custom=&#8221;#b8141a&#8221; title_color_custom=&#8221;#ffffff&#8221;][\/stm_title][stm_spacing lg_spacing=&#8221;20px&#8221;][\/vc_column][\/vc_row][\/vc_section][vc_section full_width=&#8221;stretch_row&#8221; css=&#8221;.vc_custom_1518721490085{background-color: #e7e7e7 !important;}&#8221;][vc_row][vc_column css=&#8221;.vc_custom_1518727488195{background-color: #e7e7e7 !important;}&#8221;][vc_column_text el_class=&#8221;texto-admision-1&#8243;]El Colegio Biling\u00fce Cuscatl\u00e1n actualmente se encuentra matriculando desde el nivel de Parvularia (desde los 3 a\u00f1os) hasta Octavo grado, contamos tambi\u00e9n con un programa [&hellip;]","og_url":"https:\/\/cbcuscatlan.edu.sv\/cbc\/admisiones\/","og_site_name":"Colegio Biling\u00fce Cuscatl\u00e1n","article_publisher":"http:\/\/facebook.com\/colegiobilinguecuscatlan","article_modified_time":"2025-07-10T21:41:20+00:00","twitter_card":"summary_large_image","twitter_misc":{"Est. reading time":"2 minutes"},"schema":{"@context":"https:\/\/schema.org","@graph":[{"@type":"WebPage","@id":"https:\/\/cbcuscatlan.edu.sv\/cbc\/admisiones\/","url":"https:\/\/cbcuscatlan.edu.sv\/cbc\/admisiones\/","name":"Admisiones - Colegio Biling\u00fce Cuscatl\u00e1n","isPartOf":{"@id":"http:\/\/cbcuscatlan.edu.sv\/cbc\/#website"},"datePublished":"2018-02-15T21:58:58+00:00","dateModified":"2025-07-10T21:41:20+00:00","breadcrumb":{"@id":"https:\/\/cbcuscatlan.edu.sv\/cbc\/admisiones\/#breadcrumb"},"inLanguage":"en-US","potentialAction":[{"@type":"ReadAction","target":["https:\/\/cbcuscatlan.edu.sv\/cbc\/admisiones\/"]}]},{"@type":"BreadcrumbList","@id":"https:\/\/cbcuscatlan.edu.sv\/cbc\/admisiones\/#breadcrumb","itemListElement":[{"@type":"ListItem","position":1,"name":"Home","item":"https:\/\/cbcuscatlan.edu.sv\/cbc\/"},{"@type":"ListItem","position":2,"name":"Admisiones"}]},{"@type":"WebSite","@id":"http:\/\/cbcuscatlan.edu.sv\/cbc\/#website","url":"http:\/\/cbcuscatlan.edu.sv\/cbc\/","name":"Colegio Biling\u00fce Cuscatl\u00e1n","description":"Colegio Biling\u00fce Cuscatl\u00e1n","publisher":{"@id":"http:\/\/cbcuscatlan.edu.sv\/cbc\/#organization"},"potentialAction":[{"@type":"SearchAction","target":{"@type":"EntryPoint","urlTemplate":"http:\/\/cbcuscatlan.edu.sv\/cbc\/?s={search_term_string}"},"query-input":{"@type":"PropertyValueSpecification","valueRequired":true,"valueName":"search_term_string"}}],"inLanguage":"en-US"},{"@type":"Organization","@id":"http:\/\/cbcuscatlan.edu.sv\/cbc\/#organization","name":"Colegio Biling\u00fce Cuscatl\u00e1n","url":"http:\/\/cbcuscatlan.edu.sv\/cbc\/","logo":{"@type":"ImageObject","inLanguage":"en-US","@id":"http:\/\/cbcuscatlan.edu.sv\/cbc\/#\/schema\/logo\/image\/","url":"http:\/\/cbcuscatlan.edu.sv\/cbc\/wp-content\/uploads\/2018\/01\/logo.png","contentUrl":"http:\/\/cbcuscatlan.edu.sv\/cbc\/wp-content\/uploads\/2018\/01\/logo.png","width":175,"height":175,"caption":"Colegio Biling\u00fce Cuscatl\u00e1n"},"image":{"@id":"http:\/\/cbcuscatlan.edu.sv\/cbc\/#\/schema\/logo\/image\/"},"sameAs":["http:\/\/facebook.com\/colegiobilinguecuscatlan","http:\/\/instagram.com\/colegio_cbc"]}]}},"_links":{"self":[{"href":"https:\/\/cbcuscatlan.edu.sv\/cbc\/wp-json\/wp\/v2\/pages\/827","targetHints":{"allow":["GET"]}}],"collection":[{"href":"https:\/\/cbcuscatlan.edu.sv\/cbc\/wp-json\/wp\/v2\/pages"}],"about":[{"href":"https:\/\/cbcuscatlan.edu.sv\/cbc\/wp-json\/wp\/v2\/types\/page"}],"author":[{"embeddable":true,"href":"https:\/\/cbcuscatlan.edu.sv\/cbc\/wp-json\/wp\/v2\/users\/1"}],"replies":[{"embeddable":true,"href":"https:\/\/cbcuscatlan.edu.sv\/cbc\/wp-json\/wp\/v2\/comments?post=827"}],"version-history":[{"count":135,"href":"https:\/\/cbcuscatlan.edu.sv\/cbc\/wp-json\/wp\/v2\/pages\/827\/revisions"}],"predecessor-version":[{"id":23020,"href":"https:\/\/cbcuscatlan.edu.sv\/cbc\/wp-json\/wp\/v2\/pages\/827\/revisions\/23020"}],"wp:attachment":[{"href":"https:\/\/cbcuscatlan.edu.sv\/cbc\/wp-json\/wp\/v2\/media?parent=827"}],"curies":[{"name":"wp","href":"https:\/\/api.w.org\/{rel}","templated":true}]}}