{"id":413,"date":"2018-02-06T17:30:23","date_gmt":"2018-02-06T17:30:23","guid":{"rendered":"http:\/\/localhost\/wordpress\/wordpress\/?page_id=413"},"modified":"2025-07-10T15:37:46","modified_gmt":"2025-07-10T21:37:46","slug":"servicios-de-valor","status":"publish","type":"page","link":"https:\/\/cbcuscatlan.edu.sv\/cbc\/servicios-de-valor\/","title":{"rendered":"Servicios de valor"},"content":{"rendered":"<p>[vc_section full_width=&#8221;stretch_row&#8221; css=&#8221;.vc_custom_1517938310075{background-image: url(http:\/\/cbcuscatlan.edu.sv\/cbc\/wp-content\/uploads\/2018\/01\/header-servicios-agregados.png?id=419) !important;background-position: center !important;background-repeat: no-repeat !important;background-size: cover !important;}&#8221;][vc_row equal_height=&#8221;yes&#8221;][vc_column][stm_spacing lg_spacing=&#8221;50px&#8221;][stm_title title_color=&#8221;custom&#8221; sep_color=&#8221;green&#8221; sep_enable=&#8221;true&#8221; title=&#8221;Pedagog\u00eda&#8221; title_color_custom=&#8221;#ffffff&#8221; sep_line_width=&#8221;90px&#8221; sep_line_height=&#8221;4px&#8221; title_font_size=&#8221;40pt&#8221;][\/stm_title][stm_spacing lg_spacing=&#8221;20px&#8221;][\/vc_column][\/vc_row][\/vc_section][vc_section full_width=&#8221;stretch_row&#8221; css=&#8221;.vc_custom_1517413328964{padding-bottom: 30px !important;background-color: #ffffff !important;}&#8221;][vc_row full_width=&#8221;stretch_row&#8221;][vc_column width=&#8221;1\/2&#8243; css=&#8221;.vc_custom_1517938326570{margin-top: -35px !important;background-image: url(http:\/\/cbcuscatlan.edu.sv\/cbc\/wp-content\/uploads\/2018\/01\/servicios-agregados.png?id=414) !important;background-position: center !important;background-repeat: no-repeat !important;background-size: contain !important;}&#8221; offset=&#8221;vc_hidden-xs&#8221;][vc_row_inner css=&#8221;.vc_custom_1516900431608{background-position: center !important;background-repeat: no-repeat !important;background-size: contain !important;}&#8221;][vc_column_inner el_class=&#8221;menucustomm&#8221; width=&#8221;1\/2&#8243; offset=&#8221;vc_hidden-xs&#8221;][stm_wp_custommenu nav_menu=&#8221;18&#8243; width=&#8221;300px&#8221; position=&#8221;absolute&#8221; position_left=&#8221;auto&#8221; hidden_sm=&#8221;true&#8221; hidden_xs=&#8221;true&#8221;][\/vc_column_inner][vc_column_inner width=&#8221;1\/2&#8243; offset=&#8221;vc_hidden-xs&#8221;][vc_raw_html]JTNDcCUzRSUyNm5ic3AlM0IlM0MlMkZwJTNFJTBBJTNDcCUzRSUyNm5ic3AlM0IlM0MlMkZwJTNFJTBBJTNDcCUzRSUyNm5ic3AlM0IlM0MlMkZwJTNFJTBBJTNDcCUzRSUyNm5ic3AlM0IlM0MlMkZwJTNFJTBBJTNDcCUzRSUyNm5ic3AlM0IlM0MlMkZwJTNFJTBBJTNDcCUzRSUyNm5ic3AlM0IlM0MlMkZwJTNFJTBBJTBB[\/vc_raw_html][\/vc_column_inner][\/vc_row_inner][vc_raw_html]JTNDcCUzRSUyNm5ic3AlM0IlM0MlMkZwJTNFJTBBJTNDcCUzRSUyNm5ic3AlM0IlM0MlMkZwJTNFJTBBJTBB[\/vc_raw_html][\/vc_column][vc_column width=&#8221;1\/2&#8243;][vc_row_inner][vc_column_inner][stm_title title_color=&#8221;custom&#8221; sep_color=&#8221;custom&#8221; sep_enable=&#8221;true&#8221; title=&#8221;Servicios de valor&#8221; sep_color_custom=&#8221;#dd3333&#8243; title_color_custom=&#8221;#021f7c&#8221;][\/stm_title][\/vc_column_inner][\/vc_row_inner][vc_row_inner][vc_column_inner][vc_column_text]<\/p>\n<ul style=\"list-style-image: url('http:\/\/cbcuscatlan.edu.sv\/cbc\/wp-content\/uploads\/2018\/07\/check-small17x17.png');\">\n<li>\n<p style=\"text-align: justify; line-height: 120%;\"><span style=\"color: #000000; font-size: 13pt;\">El Colegio Biling\u00fce Cuscatl\u00e1n cuenta con una infraestructura inspirada y construida para brindar sus servicios en espacios acogedores, bien ventilados, iluminados, con amplias zonas verdes en un ambiente confortable para el buen aprendizaje de sus estudiantes. En toda el \u00e1rea del Colegio se ha conservado el 80% de los \u00e1rboles.<\/span><\/p>\n<\/li>\n<li>\n<p style=\"text-align: justify; line-height: 120%;\"><span style=\"color: #000000; font-size: 13pt;\">El colegio cuenta adem\u00e1s con un laboratorio de ciencias, un centro de inform\u00e1tica, sal\u00f3n de usos m\u00faltiples, centro de arte y m\u00fasica, piscina, dos bibliotecas acondicionadas para incentivar el h\u00e1bito de la lectura, una enfermer\u00eda para atender primeros auxilios, dos psic\u00f3logas y una cocina pedag\u00f3gica en la zona de Parvularia, para que los alumnos puedan cocinar alimentos saludables y desde peque\u00f1os practicar la independencia.<\/span><\/p>\n<\/li>\n<\/ul>\n<p>[\/vc_column_text][\/vc_column_inner][\/vc_row_inner][\/vc_column][\/vc_row][vc_row][vc_column][vc_column_text]<\/p>\n<ul style=\"list-style-image: url('http:\/\/cbcuscatlan.edu.sv\/cbc\/wp-content\/uploads\/2018\/07\/check-small17x17.png');\">\n<li>\n<p style=\"text-align: justify; line-height: 120%;\"><span style=\"color: #000000; font-size: 13pt;\">Las tareas son realizadas dentro del horario de clases desde K-3 hasta 6\u00ba. Grado, de esta forma las familias tienen m\u00e1s tiempo para compartir juntos en su hogar y los alumnos pueden integrarse a las clases extraescolares que ofrecemos.<\/span><\/p>\n<\/li>\n<li>\n<p style=\"text-align: justify; line-height: 120%;\"><span style=\"color: #000000; font-size: 13pt;\">Impartimos metodolog\u00edas did\u00e1cticas \u00fanicas en el Colegio, la primera es \u201cCreando Mundos de Aprendizaje\u201d (introducci\u00f3n a las ciencias a trav\u00e9s de experiencias significativas) y la segunda \u201cLos Juegos de la Unidad\u201d (estrategias l\u00fadicas para la pr\u00e1ctica de valores).<\/span><\/p>\n<\/li>\n<li>\n<p style=\"text-align: justify; line-height: 120%;\"><span style=\"color: #000000; font-size: 13pt;\">El Colegio Biling\u00fce Cuscatl\u00e1n mantiene una comunicaci\u00f3n efectiva, preventiva y motivadora con los padres de familia y para eso, cada docente tiene asignado un blog para que puedan conocer las actividades acad\u00e9micas y proyectos que realizan los alumnos.<\/span><\/p>\n<\/li>\n<\/ul>\n<p>[\/vc_column_text][\/vc_column][\/vc_row][\/vc_section][vc_section full_width=&#8221;stretch_row&#8221; css=&#8221;.vc_custom_1530028951468{padding-bottom: 25px !important;background-color: #eaeaea !important;background-position: center !important;background-repeat: no-repeat !important;background-size: cover !important;}&#8221;][vc_row full_width=&#8221;stretch_row&#8221;][vc_column el_class=&#8221;nuestraoferta&#8221;][stm_title title_align=&#8221;center&#8221; title_color=&#8221;custom&#8221; sep_color=&#8221;custom&#8221; title_font_weight=&#8221;100&#8243; title_font_style=&#8221;normal&#8221; sep_enable=&#8221;true&#8221; title=&#8221;Nuestra oferta acad\u00e9mica&#8221; title_color_custom=&#8221;#020202&#8243; sep_color_custom=&#8221;#2d3091&#8243; sep_line_width=&#8221;150px&#8221; title_font_size=&#8221;50px&#8221; title_margin_t=&#8221;25px&#8221;][\/stm_title][\/vc_column][\/vc_row][vc_row full_width=&#8221;stretch_row_content&#8221; gap=&#8221;35&#8243;][vc_column width=&#8221;1\/4&#8243; css=&#8221;.vc_custom_1517343643294{background-position: center !important;background-repeat: no-repeat !important;background-size: cover !important;}&#8221;][stm_action_box text_alignment=&#8221;center&#8221; img_id=&#8221;22986&#8243; img_size=&#8221;500&#215;500&#8243; title=&#8221;Parvularia&#8221; action_box_link=&#8221;url:https%3A%2F%2Fcbcuscatlan.edu.sv%2Fcbc%2Fnivel-academico-parvularia%2F|target:_blank&#8221;][\/vc_column][vc_column width=&#8221;1\/4&#8243; css=&#8221;.vc_custom_1517343651993{background-position: center !important;background-repeat: no-repeat !important;background-size: cover !important;}&#8221;][stm_action_box text_alignment=&#8221;center&#8221; img_id=&#8221;22988&#8243; img_size=&#8221;500&#215;500&#8243; title=&#8221;Primaria&#8221; action_box_link=&#8221;url:https%3A%2F%2Fcbcuscatlan.edu.sv%2Fcbc%2Fnivel-academico-primaria-primer-segundo-ciclo%2F|target:_blank&#8221;][\/vc_column][vc_column width=&#8221;1\/4&#8243; css=&#8221;.vc_custom_1517343660545{background-position: center !important;background-repeat: no-repeat !important;background-size: cover !important;}&#8221;][stm_action_box text_alignment=&#8221;center&#8221; img_id=&#8221;22987&#8243; img_size=&#8221;500&#215;500&#8243; title=&#8221;Secundaria&#8221; action_box_link=&#8221;url:https%3A%2F%2Fcbcuscatlan.edu.sv%2Fcbc%2Fnivel-academico-secundaria%2F|target:_blank&#8221;][\/vc_column][vc_column width=&#8221;1\/4&#8243; css=&#8221;.vc_custom_1517343670525{background-position: center !important;background-repeat: no-repeat !important;background-size: cover !important;}&#8221;][stm_action_box text_alignment=&#8221;center&#8221; img_id=&#8221;22989&#8243; img_size=&#8221;500&#215;500&#8243; title=&#8221;Bachillerato&#8221; action_box_link=&#8221;url:https%3A%2F%2Fcbcuscatlan.edu.sv%2Fcbc%2Fnivel-academico-bachillerato%2F|target:_blank&#8221;][\/vc_column][\/vc_row][\/vc_section][vc_section full_width=&#8221;stretch_row&#8221; css=&#8221;.vc_custom_1517938404066{background-image: url(http:\/\/cbcuscatlan.edu.sv\/cbc\/wp-content\/uploads\/2018\/01\/fondo-de-pantalla.png?id=57) !important;background-position: center !important;background-repeat: no-repeat !important;background-size: cover !important;}&#8221;][vc_row][vc_column][stm_title title_align=&#8221;center&#8221; title_color=&#8221;custom&#8221; sep_color=&#8221;custom&#8221; title_font_weight=&#8221;500&#8243; sep_enable=&#8221;true&#8221; title=&#8221;Conoce m\u00e1s de nosotros&#8221; sep_color_custom=&#8221;#ffffff&#8221; title_color_custom=&#8221;#ffffff&#8221; sep_line_width=&#8221;100px&#8221; title_font_size=&#8221;50px&#8221;][\/stm_title][\/vc_column][\/vc_row][vc_row gap=&#8221;35&#8243;][vc_column width=&#8221;1\/2&#8243; el_class=&#8221;contactformbottom&#8221;]\n<div class=\"wpcf7 no-js\" id=\"wpcf7-f12214-o1\" lang=\"en-US\" dir=\"ltr\" data-wpcf7-id=\"12214\">\n<div class=\"screen-reader-response\"><p role=\"status\" aria-live=\"polite\" aria-atomic=\"true\"><\/p> <ul><\/ul><\/div>\n<form action=\"\/cbc\/wp-json\/wp\/v2\/pages\/413#wpcf7-f12214-o1\" method=\"post\" class=\"wpcf7-form init\" aria-label=\"Contact form\" novalidate=\"novalidate\" data-status=\"init\">\n<fieldset class=\"hidden-fields-container\"><input type=\"hidden\" name=\"_wpcf7\" value=\"12214\" \/><input type=\"hidden\" name=\"_wpcf7_version\" value=\"6.1.5\" \/><input type=\"hidden\" name=\"_wpcf7_locale\" value=\"en_US\" \/><input type=\"hidden\" name=\"_wpcf7_unit_tag\" value=\"wpcf7-f12214-o1\" \/><input type=\"hidden\" name=\"_wpcf7_container_post\" value=\"0\" \/><input type=\"hidden\" name=\"_wpcf7_posted_data_hash\" value=\"\" \/>\n<\/fieldset>\n<p><label style=\"color: #ffffff;\"> Nombre<br \/>\n<span class=\"wpcf7-form-control-wrap\" data-name=\"your-name\"><input size=\"40\" maxlength=\"400\" class=\"wpcf7-form-control wpcf7-text wpcf7-validates-as-required\" aria-required=\"true\" aria-invalid=\"false\" value=\"\" type=\"text\" name=\"your-name\" \/><\/span> <\/label>\n<\/p>\n<p><label style=\"color: #ffffff;\"> Email<br \/>\n<span class=\"wpcf7-form-control-wrap\" data-name=\"your-email\"><input size=\"40\" maxlength=\"400\" class=\"wpcf7-form-control wpcf7-email wpcf7-validates-as-required wpcf7-text wpcf7-validates-as-email\" aria-required=\"true\" aria-invalid=\"false\" value=\"\" type=\"email\" name=\"your-email\" \/><\/span> <\/label>\n<\/p>\n<p><label style=\"color: #ffffff\"> Tema<br \/>\n<span class=\"wpcf7-form-control-wrap\" data-name=\"your-subject\"><input size=\"40\" maxlength=\"400\" class=\"wpcf7-form-control wpcf7-text\" aria-invalid=\"false\" value=\"\" type=\"text\" name=\"your-subject\" \/><\/span> <\/label>\n<\/p>\n<p><input class=\"wpcf7-form-control wpcf7-submit has-spinner\" type=\"submit\" value=\"Enviar\" \/>\n<\/p><div class=\"wpcf7-response-output\" aria-hidden=\"true\"><\/div>\n<\/form>\n<\/div>\n[\/vc_column][vc_column width=&#8221;1\/2&#8243; el_class=&#8221;fbottom&#8221; offset=&#8221;vc_hidden-xs&#8221;][vc_column_text]<iframe style=\"border: none; overflow: hidden;\" src=\"https:\/\/www.facebook.com\/plugins\/page.php?href=https%3A%2F%2Fwww.facebook.com%2Fcolegiobilinguecuscatlan&amp;tabs=timeline&amp;width=500&amp;height=600&amp;small_header=true&amp;adapt_container_width=true&amp;hide_cover=true&amp;show_facepile=false&amp;appId\" width=\"500\" height=\"450\" frameborder=\"0\" scrolling=\"no\"><\/iframe>[\/vc_column_text][\/vc_column][\/vc_row][\/vc_section]<\/p>\n","protected":false},"excerpt":{"rendered":"<p>[vc_section full_width=&#8221;stretch_row&#8221; css=&#8221;.vc_custom_1517938310075{background-image: url(http:\/\/cbcuscatlan.edu.sv\/cbc\/wp-content\/uploads\/2018\/01\/header-servicios-agregados.png?id=419) !important;background-position: center !important;background-repeat: no-repeat !important;background-size: cover !important;}&#8221;][vc_row equal_height=&#8221;yes&#8221;][vc_column][stm_spacing lg_spacing=&#8221;50px&#8221;][stm_title title_color=&#8221;custom&#8221; sep_color=&#8221;green&#8221; sep_enable=&#8221;true&#8221; title=&#8221;Pedagog\u00eda&#8221; title_color_custom=&#8221;#ffffff&#8221; sep_line_width=&#8221;90px&#8221; sep_line_height=&#8221;4px&#8221; title_font_size=&#8221;40pt&#8221;][\/stm_title][stm_spacing lg_spacing=&#8221;20px&#8221;][\/vc_column][\/vc_row][\/vc_section][vc_section full_width=&#8221;stretch_row&#8221; css=&#8221;.vc_custom_1517413328964{padding-bottom: 30px !important;background-color: #ffffff !important;}&#8221;][vc_row full_width=&#8221;stretch_row&#8221;][vc_column width=&#8221;1\/2&#8243; css=&#8221;.vc_custom_1517938326570{margin-top: -35px !important;background-image: url(http:\/\/cbcuscatlan.edu.sv\/cbc\/wp-content\/uploads\/2018\/01\/servicios-agregados.png?id=414) !important;background-position: center !important;background-repeat: no-repeat !important;background-size: contain !important;}&#8221; offset=&#8221;vc_hidden-xs&#8221;][vc_row_inner css=&#8221;.vc_custom_1516900431608{background-position: center !important;background-repeat: no-repeat !important;background-size: contain !important;}&#8221;][vc_column_inner el_class=&#8221;menucustomm&#8221; width=&#8221;1\/2&#8243; offset=&#8221;vc_hidden-xs&#8221;][stm_wp_custommenu nav_menu=&#8221;18&#8243; width=&#8221;300px&#8221; position=&#8221;absolute&#8221; [&hellip;]<\/p>\n","protected":false},"author":1,"featured_media":0,"parent":0,"menu_order":0,"comment_status":"closed","ping_status":"open","template":"","meta":{"footnotes":""},"class_list":["post-413","page","type-page","status-publish","hentry"],"yoast_head":"<!-- This site is optimized with the Yoast SEO plugin v27.3 - https:\/\/yoast.com\/product\/yoast-seo-wordpress\/ -->\n<title>Servicios de valor - Colegio Biling\u00fce Cuscatl\u00e1n<\/title>\n<meta name=\"robots\" content=\"index, follow, max-snippet:-1, max-image-preview:large, max-video-preview:-1\" \/>\n<link rel=\"canonical\" href=\"https:\/\/cbcuscatlan.edu.sv\/cbc\/servicios-de-valor\/\" \/>\n<meta property=\"og:locale\" content=\"en_US\" \/>\n<meta property=\"og:type\" content=\"article\" \/>\n<meta property=\"og:title\" content=\"Servicios de valor - Colegio Biling\u00fce Cuscatl\u00e1n\" \/>\n<meta property=\"og:description\" content=\"[vc_section full_width=&#8221;stretch_row&#8221; css=&#8221;.vc_custom_1517938310075{background-image: url(http:\/\/cbcuscatlan.edu.sv\/cbc\/wp-content\/uploads\/2018\/01\/header-servicios-agregados.png?id=419) !important;background-position: center !important;background-repeat: no-repeat !important;background-size: cover !important;}&#8221;][vc_row equal_height=&#8221;yes&#8221;][vc_column][stm_spacing lg_spacing=&#8221;50px&#8221;][stm_title title_color=&#8221;custom&#8221; sep_color=&#8221;green&#8221; sep_enable=&#8221;true&#8221; title=&#8221;Pedagog\u00eda&#8221; title_color_custom=&#8221;#ffffff&#8221; sep_line_width=&#8221;90px&#8221; sep_line_height=&#8221;4px&#8221; title_font_size=&#8221;40pt&#8221;][\/stm_title][stm_spacing lg_spacing=&#8221;20px&#8221;][\/vc_column][\/vc_row][\/vc_section][vc_section full_width=&#8221;stretch_row&#8221; css=&#8221;.vc_custom_1517413328964{padding-bottom: 30px !important;background-color: #ffffff !important;}&#8221;][vc_row full_width=&#8221;stretch_row&#8221;][vc_column width=&#8221;1\/2&#8243; css=&#8221;.vc_custom_1517938326570{margin-top: -35px !important;background-image: url(http:\/\/cbcuscatlan.edu.sv\/cbc\/wp-content\/uploads\/2018\/01\/servicios-agregados.png?id=414) !important;background-position: center !important;background-repeat: no-repeat !important;background-size: contain !important;}&#8221; offset=&#8221;vc_hidden-xs&#8221;][vc_row_inner css=&#8221;.vc_custom_1516900431608{background-position: center !important;background-repeat: no-repeat !important;background-size: contain !important;}&#8221;][vc_column_inner el_class=&#8221;menucustomm&#8221; width=&#8221;1\/2&#8243; offset=&#8221;vc_hidden-xs&#8221;][stm_wp_custommenu nav_menu=&#8221;18&#8243; width=&#8221;300px&#8221; position=&#8221;absolute&#8221; [&hellip;]\" \/>\n<meta property=\"og:url\" content=\"https:\/\/cbcuscatlan.edu.sv\/cbc\/servicios-de-valor\/\" \/>\n<meta property=\"og:site_name\" content=\"Colegio Biling\u00fce Cuscatl\u00e1n\" \/>\n<meta property=\"article:publisher\" content=\"http:\/\/facebook.com\/colegiobilinguecuscatlan\" \/>\n<meta property=\"article:modified_time\" content=\"2025-07-10T21:37:46+00:00\" \/>\n<meta name=\"twitter:card\" content=\"summary_large_image\" \/>\n<meta name=\"twitter:label1\" content=\"Est. reading time\" \/>\n\t<meta name=\"twitter:data1\" content=\"2 minutes\" \/>\n<script type=\"application\/ld+json\" class=\"yoast-schema-graph\">{\"@context\":\"https:\\\/\\\/schema.org\",\"@graph\":[{\"@type\":\"WebPage\",\"@id\":\"https:\\\/\\\/cbcuscatlan.edu.sv\\\/cbc\\\/servicios-de-valor\\\/\",\"url\":\"https:\\\/\\\/cbcuscatlan.edu.sv\\\/cbc\\\/servicios-de-valor\\\/\",\"name\":\"Servicios de valor - Colegio Biling\u00fce Cuscatl\u00e1n\",\"isPartOf\":{\"@id\":\"http:\\\/\\\/cbcuscatlan.edu.sv\\\/cbc\\\/#website\"},\"datePublished\":\"2018-02-06T17:30:23+00:00\",\"dateModified\":\"2025-07-10T21:37:46+00:00\",\"breadcrumb\":{\"@id\":\"https:\\\/\\\/cbcuscatlan.edu.sv\\\/cbc\\\/servicios-de-valor\\\/#breadcrumb\"},\"inLanguage\":\"en-US\",\"potentialAction\":[{\"@type\":\"ReadAction\",\"target\":[\"https:\\\/\\\/cbcuscatlan.edu.sv\\\/cbc\\\/servicios-de-valor\\\/\"]}]},{\"@type\":\"BreadcrumbList\",\"@id\":\"https:\\\/\\\/cbcuscatlan.edu.sv\\\/cbc\\\/servicios-de-valor\\\/#breadcrumb\",\"itemListElement\":[{\"@type\":\"ListItem\",\"position\":1,\"name\":\"Home\",\"item\":\"https:\\\/\\\/cbcuscatlan.edu.sv\\\/cbc\\\/\"},{\"@type\":\"ListItem\",\"position\":2,\"name\":\"Servicios de valor\"}]},{\"@type\":\"WebSite\",\"@id\":\"http:\\\/\\\/cbcuscatlan.edu.sv\\\/cbc\\\/#website\",\"url\":\"http:\\\/\\\/cbcuscatlan.edu.sv\\\/cbc\\\/\",\"name\":\"Colegio Biling\u00fce Cuscatl\u00e1n\",\"description\":\"Colegio Biling\u00fce Cuscatl\u00e1n\",\"publisher\":{\"@id\":\"http:\\\/\\\/cbcuscatlan.edu.sv\\\/cbc\\\/#organization\"},\"potentialAction\":[{\"@type\":\"SearchAction\",\"target\":{\"@type\":\"EntryPoint\",\"urlTemplate\":\"http:\\\/\\\/cbcuscatlan.edu.sv\\\/cbc\\\/?s={search_term_string}\"},\"query-input\":{\"@type\":\"PropertyValueSpecification\",\"valueRequired\":true,\"valueName\":\"search_term_string\"}}],\"inLanguage\":\"en-US\"},{\"@type\":\"Organization\",\"@id\":\"http:\\\/\\\/cbcuscatlan.edu.sv\\\/cbc\\\/#organization\",\"name\":\"Colegio Biling\u00fce Cuscatl\u00e1n\",\"url\":\"http:\\\/\\\/cbcuscatlan.edu.sv\\\/cbc\\\/\",\"logo\":{\"@type\":\"ImageObject\",\"inLanguage\":\"en-US\",\"@id\":\"http:\\\/\\\/cbcuscatlan.edu.sv\\\/cbc\\\/#\\\/schema\\\/logo\\\/image\\\/\",\"url\":\"http:\\\/\\\/cbcuscatlan.edu.sv\\\/cbc\\\/wp-content\\\/uploads\\\/2018\\\/01\\\/logo.png\",\"contentUrl\":\"http:\\\/\\\/cbcuscatlan.edu.sv\\\/cbc\\\/wp-content\\\/uploads\\\/2018\\\/01\\\/logo.png\",\"width\":175,\"height\":175,\"caption\":\"Colegio Biling\u00fce Cuscatl\u00e1n\"},\"image\":{\"@id\":\"http:\\\/\\\/cbcuscatlan.edu.sv\\\/cbc\\\/#\\\/schema\\\/logo\\\/image\\\/\"},\"sameAs\":[\"http:\\\/\\\/facebook.com\\\/colegiobilinguecuscatlan\",\"http:\\\/\\\/instagram.com\\\/colegio_cbc\"]}]}<\/script>\n<!-- \/ Yoast SEO plugin. -->","yoast_head_json":{"title":"Servicios de valor - Colegio Biling\u00fce Cuscatl\u00e1n","robots":{"index":"index","follow":"follow","max-snippet":"max-snippet:-1","max-image-preview":"max-image-preview:large","max-video-preview":"max-video-preview:-1"},"canonical":"https:\/\/cbcuscatlan.edu.sv\/cbc\/servicios-de-valor\/","og_locale":"en_US","og_type":"article","og_title":"Servicios de valor - Colegio Biling\u00fce Cuscatl\u00e1n","og_description":"[vc_section full_width=&#8221;stretch_row&#8221; css=&#8221;.vc_custom_1517938310075{background-image: url(http:\/\/cbcuscatlan.edu.sv\/cbc\/wp-content\/uploads\/2018\/01\/header-servicios-agregados.png?id=419) !important;background-position: center !important;background-repeat: no-repeat !important;background-size: cover !important;}&#8221;][vc_row equal_height=&#8221;yes&#8221;][vc_column][stm_spacing lg_spacing=&#8221;50px&#8221;][stm_title title_color=&#8221;custom&#8221; sep_color=&#8221;green&#8221; sep_enable=&#8221;true&#8221; title=&#8221;Pedagog\u00eda&#8221; title_color_custom=&#8221;#ffffff&#8221; sep_line_width=&#8221;90px&#8221; sep_line_height=&#8221;4px&#8221; title_font_size=&#8221;40pt&#8221;][\/stm_title][stm_spacing lg_spacing=&#8221;20px&#8221;][\/vc_column][\/vc_row][\/vc_section][vc_section full_width=&#8221;stretch_row&#8221; css=&#8221;.vc_custom_1517413328964{padding-bottom: 30px !important;background-color: #ffffff !important;}&#8221;][vc_row full_width=&#8221;stretch_row&#8221;][vc_column width=&#8221;1\/2&#8243; css=&#8221;.vc_custom_1517938326570{margin-top: -35px !important;background-image: url(http:\/\/cbcuscatlan.edu.sv\/cbc\/wp-content\/uploads\/2018\/01\/servicios-agregados.png?id=414) !important;background-position: center !important;background-repeat: no-repeat !important;background-size: contain !important;}&#8221; offset=&#8221;vc_hidden-xs&#8221;][vc_row_inner css=&#8221;.vc_custom_1516900431608{background-position: center !important;background-repeat: no-repeat !important;background-size: contain !important;}&#8221;][vc_column_inner el_class=&#8221;menucustomm&#8221; width=&#8221;1\/2&#8243; offset=&#8221;vc_hidden-xs&#8221;][stm_wp_custommenu nav_menu=&#8221;18&#8243; width=&#8221;300px&#8221; position=&#8221;absolute&#8221; [&hellip;]","og_url":"https:\/\/cbcuscatlan.edu.sv\/cbc\/servicios-de-valor\/","og_site_name":"Colegio Biling\u00fce Cuscatl\u00e1n","article_publisher":"http:\/\/facebook.com\/colegiobilinguecuscatlan","article_modified_time":"2025-07-10T21:37:46+00:00","twitter_card":"summary_large_image","twitter_misc":{"Est. reading time":"2 minutes"},"schema":{"@context":"https:\/\/schema.org","@graph":[{"@type":"WebPage","@id":"https:\/\/cbcuscatlan.edu.sv\/cbc\/servicios-de-valor\/","url":"https:\/\/cbcuscatlan.edu.sv\/cbc\/servicios-de-valor\/","name":"Servicios de valor - Colegio Biling\u00fce Cuscatl\u00e1n","isPartOf":{"@id":"http:\/\/cbcuscatlan.edu.sv\/cbc\/#website"},"datePublished":"2018-02-06T17:30:23+00:00","dateModified":"2025-07-10T21:37:46+00:00","breadcrumb":{"@id":"https:\/\/cbcuscatlan.edu.sv\/cbc\/servicios-de-valor\/#breadcrumb"},"inLanguage":"en-US","potentialAction":[{"@type":"ReadAction","target":["https:\/\/cbcuscatlan.edu.sv\/cbc\/servicios-de-valor\/"]}]},{"@type":"BreadcrumbList","@id":"https:\/\/cbcuscatlan.edu.sv\/cbc\/servicios-de-valor\/#breadcrumb","itemListElement":[{"@type":"ListItem","position":1,"name":"Home","item":"https:\/\/cbcuscatlan.edu.sv\/cbc\/"},{"@type":"ListItem","position":2,"name":"Servicios de valor"}]},{"@type":"WebSite","@id":"http:\/\/cbcuscatlan.edu.sv\/cbc\/#website","url":"http:\/\/cbcuscatlan.edu.sv\/cbc\/","name":"Colegio Biling\u00fce Cuscatl\u00e1n","description":"Colegio Biling\u00fce Cuscatl\u00e1n","publisher":{"@id":"http:\/\/cbcuscatlan.edu.sv\/cbc\/#organization"},"potentialAction":[{"@type":"SearchAction","target":{"@type":"EntryPoint","urlTemplate":"http:\/\/cbcuscatlan.edu.sv\/cbc\/?s={search_term_string}"},"query-input":{"@type":"PropertyValueSpecification","valueRequired":true,"valueName":"search_term_string"}}],"inLanguage":"en-US"},{"@type":"Organization","@id":"http:\/\/cbcuscatlan.edu.sv\/cbc\/#organization","name":"Colegio Biling\u00fce Cuscatl\u00e1n","url":"http:\/\/cbcuscatlan.edu.sv\/cbc\/","logo":{"@type":"ImageObject","inLanguage":"en-US","@id":"http:\/\/cbcuscatlan.edu.sv\/cbc\/#\/schema\/logo\/image\/","url":"http:\/\/cbcuscatlan.edu.sv\/cbc\/wp-content\/uploads\/2018\/01\/logo.png","contentUrl":"http:\/\/cbcuscatlan.edu.sv\/cbc\/wp-content\/uploads\/2018\/01\/logo.png","width":175,"height":175,"caption":"Colegio Biling\u00fce Cuscatl\u00e1n"},"image":{"@id":"http:\/\/cbcuscatlan.edu.sv\/cbc\/#\/schema\/logo\/image\/"},"sameAs":["http:\/\/facebook.com\/colegiobilinguecuscatlan","http:\/\/instagram.com\/colegio_cbc"]}]}},"_links":{"self":[{"href":"https:\/\/cbcuscatlan.edu.sv\/cbc\/wp-json\/wp\/v2\/pages\/413","targetHints":{"allow":["GET"]}}],"collection":[{"href":"https:\/\/cbcuscatlan.edu.sv\/cbc\/wp-json\/wp\/v2\/pages"}],"about":[{"href":"https:\/\/cbcuscatlan.edu.sv\/cbc\/wp-json\/wp\/v2\/types\/page"}],"author":[{"embeddable":true,"href":"https:\/\/cbcuscatlan.edu.sv\/cbc\/wp-json\/wp\/v2\/users\/1"}],"replies":[{"embeddable":true,"href":"https:\/\/cbcuscatlan.edu.sv\/cbc\/wp-json\/wp\/v2\/comments?post=413"}],"version-history":[{"count":29,"href":"https:\/\/cbcuscatlan.edu.sv\/cbc\/wp-json\/wp\/v2\/pages\/413\/revisions"}],"predecessor-version":[{"id":23018,"href":"https:\/\/cbcuscatlan.edu.sv\/cbc\/wp-json\/wp\/v2\/pages\/413\/revisions\/23018"}],"wp:attachment":[{"href":"https:\/\/cbcuscatlan.edu.sv\/cbc\/wp-json\/wp\/v2\/media?parent=413"}],"curies":[{"name":"wp","href":"https:\/\/api.w.org\/{rel}","templated":true}]}}