{"id":1290,"date":"2018-03-12T11:16:35","date_gmt":"2018-03-12T17:16:35","guid":{"rendered":"http:\/\/cbcuscatlan.edu.sv\/cbc\/?page_id=1290"},"modified":"2020-04-22T13:41:37","modified_gmt":"2020-04-22T19:41:37","slug":"admissions","status":"publish","type":"page","link":"https:\/\/cbcuscatlan.edu.sv\/cbc\/admissions\/","title":{"rendered":"Admissions"},"content":{"rendered":"<p>[vc_section full_width=&#8221;stretch_row&#8221; css=&#8221;.vc_custom_1518716927279{background-image: url(http:\/\/cbcuscatlan.edu.sv\/cbc\/wp-content\/uploads\/2018\/02\/admisiones-header.png?id=828) !important;background-position: center !important;background-repeat: no-repeat !important;background-size: cover !important;}&#8221;][vc_row equal_height=&#8221;yes&#8221;][vc_column][stm_spacing lg_spacing=&#8221;50px&#8221;][stm_title title_color=&#8221;custom&#8221; sep_color=&#8221;green&#8221; sep_enable=&#8221;true&#8221; title=&#8221;Admissions&#8221; title_color_custom=&#8221;#ffffff&#8221; sep_line_width=&#8221;90px&#8221; sep_line_height=&#8221;4px&#8221; title_font_size=&#8221;40pt&#8221;][\/stm_title][stm_spacing lg_spacing=&#8221;20px&#8221;][\/vc_column][\/vc_row][\/vc_section][vc_section full_width=&#8221;stretch_row&#8221; css=&#8221;.vc_custom_1518721490085{background-color: #e7e7e7 !important;}&#8221;][vc_row][vc_column css=&#8221;.vc_custom_1518727488195{background-color: #e7e7e7 !important;}&#8221;][vc_column_text el_class=&#8221;texto-admision-1&#8243;]<\/p>\n<p style=\"text-align: justify; line-height: 120%;\"><span style=\"color: #000000; font-size: 13pt;\"><br \/>\nThe Colegio Biling\u00fce Cuscatlan is accepting children<strong> from 3 to 12 years old<\/strong> who speak or not the English language for <strong>Early childhood school, Elementary School.<\/strong><\/span><\/p>\n<p style=\"text-align: justify; line-height: 120%;\"><span style=\"color: #000000; font-size: 13pt;\">Also children of 12 years old and older who have a high command of the English language for the levels of <strong>Middle School and High School.<\/strong><\/span><\/p>\n<p>[\/vc_column_text][\/vc_column][\/vc_row][\/vc_section][vc_section full_width=&#8221;stretch_row&#8221; css=&#8221;.vc_custom_1520954976355{padding-bottom: 100px !important;background-color: #e7e7e7 !important;background-position: center !important;background-repeat: no-repeat !important;background-size: cover !important;}&#8221; el_id=&#8221;admission-process&#8221;][vc_row full_width=&#8221;stretch_row&#8221;][vc_column el_class=&#8221;nuestraoferta&#8221;][stm_title title_align=&#8221;center&#8221; title_color=&#8221;custom&#8221; sep_color=&#8221;custom&#8221; title_font_weight=&#8221;100&#8243; title_font_style=&#8221;normal&#8221; sep_enable=&#8221;true&#8221; title=&#8221;Admission Process&#8221; title_color_custom=&#8221;#181c8f&#8221; sep_color_custom=&#8221;#bb1e2b&#8221; sep_line_width=&#8221;75px&#8221; title_font_size=&#8221;50px&#8221; title_margin_t=&#8221;25px&#8221;][\/stm_title][\/vc_column][\/vc_row][vc_row gap=&#8221;20&#8243;][vc_column width=&#8221;1\/3&#8243; css=&#8221;.vc_custom_1519833868659{padding-right: 35px !important;padding-bottom: 45px !important;padding-left: 35px !important;background-color: #ffffff !important;}&#8221; el_class=&#8221;paso-element&#8221;][vc_single_image image=&#8221;876&#8243; img_size=&#8221;123&#215;115&#8243; alignment=&#8221;center&#8221;][vc_column_text]<\/p>\n<style>.pasos{ color: #181c8f; font-size: 30pt; text-align: center;} .pasos-position{position:relative; margin-top: -30px; }<\/style>\n<p class=\"pasos pasos-position\">Step 1<\/p>\n<p>[\/vc_column_text][vc_column_text]<\/p>\n<style>.descripcion-pasos{ color:#545454; font-size: 13pt; text-align:center; line-height: 120%;} .descripcion-position{ position:relative; margin-top: -22px;} .descripcion-position-2{ position:relative; margin-top: -29px;}<\/style>\n<p class=\"descripcion-pasos descripcion-position\">Fill the Preselection<\/p>\n<p class=\"descripcion-pasos descripcion-position-2\">Form.<\/p>\n<p>[\/vc_column_text][stm_btn_simple btn_color=&#8221;custom&#8221; btn_alignment=&#8221;center&#8221; btn_link=&#8221;url:http%3A%2F%2Fsolicitud.cbcuscatlan.edu.sv%2Fcbc%2Fsolicitud_ingreso%2Fprincipal%2F|title:LLENAR%20EL%20FORMULARIO%20AQU%C3%8D|target:%20_blank|&#8221; btn_link_text=&#8221;FILL THE FORM HERE&#8221; btn_color_custom_border=&#8221;#bb1e2b&#8221; btn_color_custom_text=&#8221;#bb1e2b&#8221; btn_color_custom_hover_bg=&#8221;#bb1e2b&#8221; btn_color_custom_hover_text=&#8221;#ffffff&#8221; btn_color_custom_bg=&#8221;#ffffff&#8221; btn_color_custom_active_bg=&#8221;#a6a6a6&#8243;][\/vc_column][vc_column width=&#8221;1\/3&#8243; css=&#8221;.vc_custom_1518728351278{padding-right: 30px !important;padding-bottom: 96px !important;padding-left: 30px !important;background-color: #ffffff !important;}&#8221;][vc_single_image image=&#8221;1242&#8243; img_size=&#8221;115&#215;115&#8243; alignment=&#8221;center&#8221;][vc_column_text]<\/p>\n<style>.pasos{ color: #181c8f; font-size: 30pt; text-align: center;} .pasos-position{position:relative; margin-top: -30px; }<\/style>\n<p class=\"pasos pasos-position\">Step 2<\/p>\n<p>[\/vc_column_text][vc_column_text]<\/p>\n<style>.descripcion-pasos{ color:#545454; font-size: 13pt; text-align:center; line-height: 120%;} .descripcion-position{ position:relative; margin-top: -22px;}<\/style>\n<p class=\"descripcion-pasos descripcion-position\">Schedule and take the psychological test.<\/p>\n<p>[\/vc_column_text][\/vc_column][vc_column width=&#8221;1\/3&#8243; css=&#8221;.vc_custom_1518728372956{padding-right: 30px !important;padding-bottom: 96px !important;padding-left: 30px !important;background-color: #ffffff !important;}&#8221;][vc_single_image image=&#8221;1243&#8243; img_size=&#8221;100&#215;115&#8243; alignment=&#8221;center&#8221;][vc_column_text]<\/p>\n<style>.pasos{ color: #181c8f; font-size: 30pt; text-align: center;} .pasos-position{position:relative; margin-top: -30px; }<\/style>\n<p class=\"pasos pasos-position\">Step 3<\/p>\n<p>[\/vc_column_text][vc_column_text]<\/p>\n<style>.descripcion-pasos{ color:#545454; font-size: 13pt; text-align:center; line-height: 120%;} .descripcion-position{ position:relative; margin-top: -22px;}<\/style>\n<p class=\"descripcion-pasos descripcion-position\">Confirmation of the student&#8217;s registration.<\/p>\n<p>[\/vc_column_text][\/vc_column][\/vc_row][\/vc_section][vc_section full_width=&#8221;stretch_row&#8221; css=&#8221;.vc_custom_1520955013027{background-color: #ffffff !important;}&#8221; el_class=&#8221;requisitos-de-inscripcion-2&#8243; el_id=&#8221;admission-process-documents&#8221;][vc_row css=&#8221;.vc_custom_1518732726856{margin-top: -60px !important;background-position: center !important;background-repeat: no-repeat !important;background-size: contain !important;}&#8221;][vc_column width=&#8221;2\/3&#8243;][stm_title title_color=&#8221;custom&#8221; sep_color=&#8221;custom&#8221; title_font_weight=&#8221;100&#8243; title_font_style=&#8221;normal&#8221; sep_enable=&#8221;true&#8221; title=&#8221;Requirements for Admission&#8221; title_color_custom=&#8221;#181c8f&#8221; sep_color_custom=&#8221;#bb1e2b&#8221; sep_line_width=&#8221;75px&#8221; title_font_size=&#8221;40px&#8221; title_margin_t=&#8221;25px&#8221;][\/stm_title][vc_column_text]<\/p>\n<style>li.circle {background:url('http:\/\/cbcuscatlan.edu.sv\/assets\/images\/list-circle-s.png')no-repeat left 5px; display: block; padding-left: 20px; font-size: 14pt;} ul.no_bullets{ list-style-type: none; padding: 0; margin: 0;} <\/style>\n<ul class=\"no_bullets\">\n<li class=\"circle\"><a href=\"http:\/\/solicitud.cbcuscatlan.edu.sv\/cbc\/solicitud_ingreso\/principal\/\" target=\"_blank\" rel=\"noopener noreferrer\">Application for admission. (Click Here)<\/a><\/li>\n<li class=\"circle\">Copy of DUI both Parents.<\/li>\n<li class=\"circle\">2 Photos.<\/li>\n<li class=\"circle li_height\">If the student\u00b4s parents are divorced and there is a legal document granting the custody in favor of one or another relative, submit a copy of the legal document.<\/li>\n<li class=\"circle\">Grades Report and MINED Certificate.<\/li>\n<li class=\"circle\">Behavior Record (in a closed envelope).<\/li>\n<li class=\"circle\">Proof of Financial Record of the institution where the child studied (in a closed envelope.<\/li>\n<li class=\"circle\">Recent birth certificate.<\/li>\n<li class=\"circle\">Medical Form, stamped and signed by a Doctor<\/li>\n<li class=\"circle\">Financial Commitment sheet signed.<\/li>\n<\/ul>\n<p>[\/vc_column_text][\/vc_column][vc_column width=&#8221;1\/3&#8243; css=&#8221;.vc_custom_1518730934313{padding-right: 200px !important;}&#8221;][\/vc_column][\/vc_row][\/vc_section][vc_section full_width=&#8221;stretch_row&#8221; css=&#8221;.vc_custom_1518725944794{background-color: #eaeaea !important;}&#8221;][vc_row][vc_column][stm_title title_align=&#8221;center&#8221; title_color=&#8221;custom&#8221; sep_color=&#8221;custom&#8221; title_font_weight=&#8221;500&#8243; title_font_style=&#8221;normal&#8221; sep_enable=&#8221;true&#8221; title=&#8221;Our Academic Offer&#8221; sep_color_custom=&#8221;#181c8f&#8221; title_font_size=&#8221;50px&#8221; sep_line_width=&#8221;150px&#8221;][\/stm_title][\/vc_column][\/vc_row][vc_row full_width=&#8221;stretch_row_content&#8221;][vc_column width=&#8221;1\/4&#8243;][vc_raw_html]JTNDc3R5bGUlM0UlMEEuY2VudHJhZG8lN0IlMEFwb3NpdGlvbiUzQSUyMGFic29sdXRlJTNCJTBBJTIwJTIwJTIwJTIwdG9wJTNBJTIwNDUlMjUlM0IlMEElMjAlMjAlMjAlMjBsZWZ0JTNBJTIwNTAlMjUlM0IlMEElMjAlMjAlMjAlMjB0cmFuc2Zvcm0lM0ElMjB0cmFuc2xhdGUlMjgtNTAlMjUlMkMlMjAtNTAlMjUlMjklM0IlMEElN0QlMEElMEEub2ZlcnRhdGV4dG8lMjAlN0IlMEFmb250LXNpemUlM0ElMjAyMHB0JTNCJTIwJTBBY29sb3IlM0ElMjAlMjNmZmZmZmYlM0IlMjAlMEFmb250LWZhbWlseSUzQSUyMCUyN1dvcmslMjBTYW5zJTI3JTJDJTIwc2Fucy1zZXJpZiUzQiUwQXRleHQtYWxpZ24lM0ElMjBjZW50ZXIlM0IlMEFsaW5lLWhlaWdodCUzQSUyMDEwMCUyNSUzQiUwQSU3RCUwQSUzQyUyRnN0eWxlJTNFJTBBJTBBJTNDZGl2JTNFJTBBJTNDYSUyMGhyZWYlM0QlMjJodHRwJTNBJTJGJTJGY2JjdXNjYXRsYW4uZWR1LnN2JTJGY2JjJTJGYWNhZGVtaWMtbGV2ZWwta2luZGVyZ2FydGVuJTJGJTIyJTNFJTNDaW1nJTIwc3JjJTNEJTIyaHR0cCUzQSUyRiUyRmNiY3VzY2F0bGFuLmVkdS5zdiUyRmNiYyUyRndwLWNvbnRlbnQlMkZ1cGxvYWRzJTJGMjAxOCUyRjAxJTJGcGFydnVsYXJpYS5wbmclMjIlMjBzdHlsZSUzRCUyMndpZHRoJTNBMTAwJTI1JTNCJTIwaGVpZ2h0JTNBYXV0byUzQiUyMiUzRSUzQyUyRmElM0UlMEElM0NkaXYlMjBjbGFzcyUzRCUyMmNlbnRyYWRvJTIwb2ZlcnRhdGV4dG8lMjIlM0UlM0NhJTIwaHJlZiUzRCUyMmh0dHAlM0ElMkYlMkZjYmN1c2NhdGxhbi5lZHUuc3YlMkZjYmMlMkZhY2FkZW1pYy1sZXZlbC1raW5kZXJnYXJ0ZW4lMkYlMjIlMjBzdHlsZSUzRCUyMnRleHQtZGVjb3JhdGlvbiUzQW5vbmUlM0IlMjBjb2xvciUzQSUyM2ZmZmZmZiUzQiUyMiUzRUVhcmx5JTIwQ2hpbGRob29kJTIwU2Nob29sJTNDJTJGYSUzRSUzQyUyRmRpdiUzRSUwQSUzQyUyRmRpdiUzRQ==[\/vc_raw_html][\/vc_column][vc_column width=&#8221;1\/4&#8243;][vc_raw_html]JTNDZGl2JTNFJTBBJTNDYSUyMGhyZWYlM0QlMjJodHRwJTNBJTJGJTJGY2JjdXNjYXRsYW4uZWR1LnN2JTJGY2JjJTJGYWNhZGVtaWMtbGV2ZWwtZWxlbWVudGFyeSUyRiUyMiUzRSUzQ2ltZyUyMHNyYyUzRCUyMmh0dHAlM0ElMkYlMkZjYmN1c2NhdGxhbi5lZHUuc3YlMkZjYmMlMkZ3cC1jb250ZW50JTJGdXBsb2FkcyUyRjIwMTglMkYwMSUyRnByaW1hcmlhLnBuZyUyMiUyMHN0eWxlJTNEJTIyd2lkdGglM0ExMDAlMjUlM0IlMjIlM0UlM0MlMkZhJTNFJTBBJTNDZGl2JTIwY2xhc3MlM0QlMjJjZW50cmFkbyUyMG9mZXJ0YXRleHRvJTIyJTNFJTNDYSUyMGhyZWYlM0QlMjJodHRwJTNBJTJGJTJGY2JjdXNjYXRsYW4uZWR1LnN2JTJGY2JjJTJGYWNhZGVtaWMtbGV2ZWwtZWxlbWVudGFyeSUyRiUyMiUyMHN0eWxlJTNEJTIydGV4dC1kZWNvcmF0aW9uJTNBJTIwbm9uZSUzQiUyMGNvbG9yJTNBJTIzZmZmZmZmJTNCJTIyJTNFRWxlbWVudGFyeSUyMFNjaG9vbCUzQyUyRmElM0UlM0MlMkZkaXYlM0UlMEElM0MlMkZkaXYlM0U=[\/vc_raw_html][\/vc_column][vc_column width=&#8221;1\/4&#8243;][vc_raw_html]JTNDZGl2JTNFJTBBJTNDYSUyMGhyZWYlM0QlMjJodHRwJTNBJTJGJTJGY2JjdXNjYXRsYW4uZWR1LnN2JTJGY2JjJTJGYWNhZGVtaWMtbGV2ZWwtanVuaW9yLWhpZ2glMkYlMjIlM0UlM0NpbWclMjBzcmMlM0QlMjJodHRwJTNBJTJGJTJGY2JjdXNjYXRsYW4uZWR1LnN2JTJGY2JjJTJGd3AtY29udGVudCUyRnVwbG9hZHMlMkYyMDE4JTJGMDElMkZzZWN1bmRhcmlhLnBuZyUyMiUyMHN0eWxlJTNEJTIyd2lkdGglM0ExMDAlMjUlM0IlMjIlM0UlM0MlMkZhJTNFJTBBJTNDZGl2JTIwY2xhc3MlM0QlMjJjZW50cmFkbyUyMG9mZXJ0YXRleHRvJTIyJTNFJTNDYSUyMGhyZWYlM0QlMjJodHRwJTNBJTJGJTJGY2JjdXNjYXRsYW4uZWR1LnN2JTJGY2JjJTJGYWNhZGVtaWMtbGV2ZWwtanVuaW9yLWhpZ2glMkYlMjIlMjBzdHlsZSUzRCUyMnRleHQtZGVjb3JhdGlvbiUzQSUyMG5vbmUlM0IlMjBjb2xvciUzQSUyM2ZmZmZmZiUzQiUyMiUzRU1pZGRsZSUyMFNjaG9vbCUzQyUyRmElM0UlM0MlMkZkaXYlM0UlMEElM0MlMkZkaXYlM0U=[\/vc_raw_html][\/vc_column][vc_column width=&#8221;1\/4&#8243;][vc_raw_html]JTNDZGl2JTNFJTBBJTNDYSUyMGhyZWYlM0QlMjJodHRwJTNBJTJGJTJGY2JjdXNjYXRsYW4uZWR1LnN2JTJGY2JjJTJGYWNhZGVtaWMtbGV2ZWwtaGlnaC1zY2hvb2wlMkYlMjIlM0UlM0NpbWclMjBzcmMlM0QlMjJodHRwJTNBJTJGJTJGY2JjdXNjYXRsYW4uZWR1LnN2JTJGY2JjJTJGd3AtY29udGVudCUyRnVwbG9hZHMlMkYyMDE4JTJGMDElMkZCYWNoaWxsZXJhdG8ucG5nJTIyJTIwc3R5bGUlM0QlMjJ3aWR0aCUzQTEwMCUyNSUzQiUyMiUzRSUzQyUyRmElM0UlMEElM0NkaXYlMjBjbGFzcyUzRCUyMmNlbnRyYWRvJTIwb2ZlcnRhdGV4dG8lMjIlM0UlM0NhJTIwaHJlZiUzRCUyMmh0dHAlM0ElMkYlMkZjYmN1c2NhdGxhbi5lZHUuc3YlMkZjYmMlMkZhY2FkZW1pYy1sZXZlbC1oaWdoLXNjaG9vbCUyRiUyMiUyMHN0eWxlJTNEJTIydGV4dC1kZWNvcmF0aW9uJTNBJTIwbm9uZSUzQiUyMGNvbG9yJTNBJTIwJTIzZmZmZmZmJTNCJTIyJTNFSGlnaCUyMFNjaG9vbCUzQyUyRmElM0UlM0MlMkZkaXYlM0UlMEElM0MlMkZkaXYlM0U=[\/vc_raw_html][\/vc_column][\/vc_row][\/vc_section][vc_section full_width=&#8221;stretch_row&#8221; css=&#8221;.vc_custom_1517937625301{background-image: url(http:\/\/cbcuscatlan.edu.sv\/cbc\/wp-content\/uploads\/2018\/01\/fondo-de-pantalla.png?id=57) !important;background-position: center !important;background-repeat: no-repeat !important;background-size: cover !important;}&#8221;][vc_row][vc_column][stm_title title_align=&#8221;center&#8221; title_color=&#8221;custom&#8221; sep_color=&#8221;custom&#8221; title_font_weight=&#8221;500&#8243; sep_enable=&#8221;true&#8221; title=&#8221;Know more about us&#8221; sep_color_custom=&#8221;#ffffff&#8221; title_color_custom=&#8221;#ffffff&#8221; sep_line_width=&#8221;100px&#8221; title_font_size=&#8221;50px&#8221;][\/stm_title][\/vc_column][\/vc_row][vc_row gap=&#8221;35&#8243;][vc_column width=&#8221;1\/2&#8243; el_class=&#8221;contactformbottom&#8221;]<p class=\"wpcf7-contact-form-not-found\"><strong>Error:<\/strong> Contact form not found.<\/p>[\/vc_column][vc_column width=&#8221;1\/2&#8243; el_class=&#8221;fbottom&#8221; offset=&#8221;vc_hidden-xs&#8221;][vc_column_text]<iframe style=\"border: none; overflow: hidden;\" src=\"https:\/\/www.facebook.com\/plugins\/page.php?href=https%3A%2F%2Fwww.facebook.com%2Fcolegiobilinguecuscatlan&amp;tabs=timeline&amp;width=500&amp;height=600&amp;small_header=true&amp;adapt_container_width=true&amp;hide_cover=true&amp;show_facepile=false&amp;appId\" width=\"500\" height=\"450\" frameborder=\"0\" scrolling=\"no\"><\/iframe>[\/vc_column_text][\/vc_column][\/vc_row][\/vc_section]<\/p>\n","protected":false},"excerpt":{"rendered":"<p>[vc_section full_width=&#8221;stretch_row&#8221; css=&#8221;.vc_custom_1518716927279{background-image: url(http:\/\/cbcuscatlan.edu.sv\/cbc\/wp-content\/uploads\/2018\/02\/admisiones-header.png?id=828) !important;background-position: center !important;background-repeat: no-repeat !important;background-size: cover !important;}&#8221;][vc_row equal_height=&#8221;yes&#8221;][vc_column][stm_spacing lg_spacing=&#8221;50px&#8221;][stm_title title_color=&#8221;custom&#8221; sep_color=&#8221;green&#8221; sep_enable=&#8221;true&#8221; title=&#8221;Admissions&#8221; title_color_custom=&#8221;#ffffff&#8221; sep_line_width=&#8221;90px&#8221; sep_line_height=&#8221;4px&#8221; title_font_size=&#8221;40pt&#8221;][\/stm_title][stm_spacing lg_spacing=&#8221;20px&#8221;][\/vc_column][\/vc_row][\/vc_section][vc_section full_width=&#8221;stretch_row&#8221; css=&#8221;.vc_custom_1518721490085{background-color: #e7e7e7 !important;}&#8221;][vc_row][vc_column css=&#8221;.vc_custom_1518727488195{background-color: #e7e7e7 !important;}&#8221;][vc_column_text el_class=&#8221;texto-admision-1&#8243;] The Colegio Biling\u00fce Cuscatlan is accepting children from 3 to 12 years old who speak or not the English language for Early childhood school, Elementary [&hellip;]<\/p>\n","protected":false},"author":1,"featured_media":0,"parent":0,"menu_order":0,"comment_status":"closed","ping_status":"open","template":"","meta":{"footnotes":""},"class_list":["post-1290","page","type-page","status-publish","hentry"],"yoast_head":"<!-- This site is optimized with the Yoast SEO plugin v27.3 - https:\/\/yoast.com\/product\/yoast-seo-wordpress\/ -->\n<title>Admissions - Colegio Biling\u00fce Cuscatl\u00e1n<\/title>\n<meta name=\"robots\" content=\"index, follow, max-snippet:-1, max-image-preview:large, max-video-preview:-1\" \/>\n<link rel=\"canonical\" href=\"https:\/\/cbcuscatlan.edu.sv\/cbc\/admissions\/\" \/>\n<meta property=\"og:locale\" content=\"en_US\" \/>\n<meta property=\"og:type\" content=\"article\" \/>\n<meta property=\"og:title\" content=\"Admissions - Colegio Biling\u00fce Cuscatl\u00e1n\" \/>\n<meta property=\"og:description\" content=\"[vc_section full_width=&#8221;stretch_row&#8221; css=&#8221;.vc_custom_1518716927279{background-image: url(http:\/\/cbcuscatlan.edu.sv\/cbc\/wp-content\/uploads\/2018\/02\/admisiones-header.png?id=828) !important;background-position: center !important;background-repeat: no-repeat !important;background-size: cover !important;}&#8221;][vc_row equal_height=&#8221;yes&#8221;][vc_column][stm_spacing lg_spacing=&#8221;50px&#8221;][stm_title title_color=&#8221;custom&#8221; sep_color=&#8221;green&#8221; sep_enable=&#8221;true&#8221; title=&#8221;Admissions&#8221; title_color_custom=&#8221;#ffffff&#8221; sep_line_width=&#8221;90px&#8221; sep_line_height=&#8221;4px&#8221; title_font_size=&#8221;40pt&#8221;][\/stm_title][stm_spacing lg_spacing=&#8221;20px&#8221;][\/vc_column][\/vc_row][\/vc_section][vc_section full_width=&#8221;stretch_row&#8221; css=&#8221;.vc_custom_1518721490085{background-color: #e7e7e7 !important;}&#8221;][vc_row][vc_column css=&#8221;.vc_custom_1518727488195{background-color: #e7e7e7 !important;}&#8221;][vc_column_text el_class=&#8221;texto-admision-1&#8243;] The Colegio Biling\u00fce Cuscatlan is accepting children from 3 to 12 years old who speak or not the English language for Early childhood school, Elementary [&hellip;]\" \/>\n<meta property=\"og:url\" content=\"https:\/\/cbcuscatlan.edu.sv\/cbc\/admissions\/\" \/>\n<meta property=\"og:site_name\" content=\"Colegio Biling\u00fce Cuscatl\u00e1n\" \/>\n<meta property=\"article:publisher\" content=\"http:\/\/facebook.com\/colegiobilinguecuscatlan\" \/>\n<meta property=\"article:modified_time\" content=\"2020-04-22T19:41:37+00:00\" \/>\n<meta name=\"twitter:card\" content=\"summary_large_image\" \/>\n<meta name=\"twitter:label1\" content=\"Est. reading time\" \/>\n\t<meta name=\"twitter:data1\" content=\"6 minutes\" \/>\n<script type=\"application\/ld+json\" class=\"yoast-schema-graph\">{\"@context\":\"https:\\\/\\\/schema.org\",\"@graph\":[{\"@type\":\"WebPage\",\"@id\":\"https:\\\/\\\/cbcuscatlan.edu.sv\\\/cbc\\\/admissions\\\/\",\"url\":\"https:\\\/\\\/cbcuscatlan.edu.sv\\\/cbc\\\/admissions\\\/\",\"name\":\"Admissions - Colegio Biling\u00fce Cuscatl\u00e1n\",\"isPartOf\":{\"@id\":\"http:\\\/\\\/cbcuscatlan.edu.sv\\\/cbc\\\/#website\"},\"datePublished\":\"2018-03-12T17:16:35+00:00\",\"dateModified\":\"2020-04-22T19:41:37+00:00\",\"breadcrumb\":{\"@id\":\"https:\\\/\\\/cbcuscatlan.edu.sv\\\/cbc\\\/admissions\\\/#breadcrumb\"},\"inLanguage\":\"en-US\",\"potentialAction\":[{\"@type\":\"ReadAction\",\"target\":[\"https:\\\/\\\/cbcuscatlan.edu.sv\\\/cbc\\\/admissions\\\/\"]}]},{\"@type\":\"BreadcrumbList\",\"@id\":\"https:\\\/\\\/cbcuscatlan.edu.sv\\\/cbc\\\/admissions\\\/#breadcrumb\",\"itemListElement\":[{\"@type\":\"ListItem\",\"position\":1,\"name\":\"Home\",\"item\":\"https:\\\/\\\/cbcuscatlan.edu.sv\\\/cbc\\\/\"},{\"@type\":\"ListItem\",\"position\":2,\"name\":\"Admissions\"}]},{\"@type\":\"WebSite\",\"@id\":\"http:\\\/\\\/cbcuscatlan.edu.sv\\\/cbc\\\/#website\",\"url\":\"http:\\\/\\\/cbcuscatlan.edu.sv\\\/cbc\\\/\",\"name\":\"Colegio Biling\u00fce Cuscatl\u00e1n\",\"description\":\"Colegio Biling\u00fce Cuscatl\u00e1n\",\"publisher\":{\"@id\":\"http:\\\/\\\/cbcuscatlan.edu.sv\\\/cbc\\\/#organization\"},\"potentialAction\":[{\"@type\":\"SearchAction\",\"target\":{\"@type\":\"EntryPoint\",\"urlTemplate\":\"http:\\\/\\\/cbcuscatlan.edu.sv\\\/cbc\\\/?s={search_term_string}\"},\"query-input\":{\"@type\":\"PropertyValueSpecification\",\"valueRequired\":true,\"valueName\":\"search_term_string\"}}],\"inLanguage\":\"en-US\"},{\"@type\":\"Organization\",\"@id\":\"http:\\\/\\\/cbcuscatlan.edu.sv\\\/cbc\\\/#organization\",\"name\":\"Colegio Biling\u00fce Cuscatl\u00e1n\",\"url\":\"http:\\\/\\\/cbcuscatlan.edu.sv\\\/cbc\\\/\",\"logo\":{\"@type\":\"ImageObject\",\"inLanguage\":\"en-US\",\"@id\":\"http:\\\/\\\/cbcuscatlan.edu.sv\\\/cbc\\\/#\\\/schema\\\/logo\\\/image\\\/\",\"url\":\"http:\\\/\\\/cbcuscatlan.edu.sv\\\/cbc\\\/wp-content\\\/uploads\\\/2018\\\/01\\\/logo.png\",\"contentUrl\":\"http:\\\/\\\/cbcuscatlan.edu.sv\\\/cbc\\\/wp-content\\\/uploads\\\/2018\\\/01\\\/logo.png\",\"width\":175,\"height\":175,\"caption\":\"Colegio Biling\u00fce Cuscatl\u00e1n\"},\"image\":{\"@id\":\"http:\\\/\\\/cbcuscatlan.edu.sv\\\/cbc\\\/#\\\/schema\\\/logo\\\/image\\\/\"},\"sameAs\":[\"http:\\\/\\\/facebook.com\\\/colegiobilinguecuscatlan\",\"http:\\\/\\\/instagram.com\\\/colegio_cbc\"]}]}<\/script>\n<!-- \/ Yoast SEO plugin. -->","yoast_head_json":{"title":"Admissions - Colegio Biling\u00fce Cuscatl\u00e1n","robots":{"index":"index","follow":"follow","max-snippet":"max-snippet:-1","max-image-preview":"max-image-preview:large","max-video-preview":"max-video-preview:-1"},"canonical":"https:\/\/cbcuscatlan.edu.sv\/cbc\/admissions\/","og_locale":"en_US","og_type":"article","og_title":"Admissions - Colegio Biling\u00fce Cuscatl\u00e1n","og_description":"[vc_section full_width=&#8221;stretch_row&#8221; css=&#8221;.vc_custom_1518716927279{background-image: url(http:\/\/cbcuscatlan.edu.sv\/cbc\/wp-content\/uploads\/2018\/02\/admisiones-header.png?id=828) !important;background-position: center !important;background-repeat: no-repeat !important;background-size: cover !important;}&#8221;][vc_row equal_height=&#8221;yes&#8221;][vc_column][stm_spacing lg_spacing=&#8221;50px&#8221;][stm_title title_color=&#8221;custom&#8221; sep_color=&#8221;green&#8221; sep_enable=&#8221;true&#8221; title=&#8221;Admissions&#8221; title_color_custom=&#8221;#ffffff&#8221; sep_line_width=&#8221;90px&#8221; sep_line_height=&#8221;4px&#8221; title_font_size=&#8221;40pt&#8221;][\/stm_title][stm_spacing lg_spacing=&#8221;20px&#8221;][\/vc_column][\/vc_row][\/vc_section][vc_section full_width=&#8221;stretch_row&#8221; css=&#8221;.vc_custom_1518721490085{background-color: #e7e7e7 !important;}&#8221;][vc_row][vc_column css=&#8221;.vc_custom_1518727488195{background-color: #e7e7e7 !important;}&#8221;][vc_column_text el_class=&#8221;texto-admision-1&#8243;] The Colegio Biling\u00fce Cuscatlan is accepting children from 3 to 12 years old who speak or not the English language for Early childhood school, Elementary [&hellip;]","og_url":"https:\/\/cbcuscatlan.edu.sv\/cbc\/admissions\/","og_site_name":"Colegio Biling\u00fce Cuscatl\u00e1n","article_publisher":"http:\/\/facebook.com\/colegiobilinguecuscatlan","article_modified_time":"2020-04-22T19:41:37+00:00","twitter_card":"summary_large_image","twitter_misc":{"Est. reading time":"6 minutes"},"schema":{"@context":"https:\/\/schema.org","@graph":[{"@type":"WebPage","@id":"https:\/\/cbcuscatlan.edu.sv\/cbc\/admissions\/","url":"https:\/\/cbcuscatlan.edu.sv\/cbc\/admissions\/","name":"Admissions - Colegio Biling\u00fce Cuscatl\u00e1n","isPartOf":{"@id":"http:\/\/cbcuscatlan.edu.sv\/cbc\/#website"},"datePublished":"2018-03-12T17:16:35+00:00","dateModified":"2020-04-22T19:41:37+00:00","breadcrumb":{"@id":"https:\/\/cbcuscatlan.edu.sv\/cbc\/admissions\/#breadcrumb"},"inLanguage":"en-US","potentialAction":[{"@type":"ReadAction","target":["https:\/\/cbcuscatlan.edu.sv\/cbc\/admissions\/"]}]},{"@type":"BreadcrumbList","@id":"https:\/\/cbcuscatlan.edu.sv\/cbc\/admissions\/#breadcrumb","itemListElement":[{"@type":"ListItem","position":1,"name":"Home","item":"https:\/\/cbcuscatlan.edu.sv\/cbc\/"},{"@type":"ListItem","position":2,"name":"Admissions"}]},{"@type":"WebSite","@id":"http:\/\/cbcuscatlan.edu.sv\/cbc\/#website","url":"http:\/\/cbcuscatlan.edu.sv\/cbc\/","name":"Colegio Biling\u00fce Cuscatl\u00e1n","description":"Colegio Biling\u00fce Cuscatl\u00e1n","publisher":{"@id":"http:\/\/cbcuscatlan.edu.sv\/cbc\/#organization"},"potentialAction":[{"@type":"SearchAction","target":{"@type":"EntryPoint","urlTemplate":"http:\/\/cbcuscatlan.edu.sv\/cbc\/?s={search_term_string}"},"query-input":{"@type":"PropertyValueSpecification","valueRequired":true,"valueName":"search_term_string"}}],"inLanguage":"en-US"},{"@type":"Organization","@id":"http:\/\/cbcuscatlan.edu.sv\/cbc\/#organization","name":"Colegio Biling\u00fce Cuscatl\u00e1n","url":"http:\/\/cbcuscatlan.edu.sv\/cbc\/","logo":{"@type":"ImageObject","inLanguage":"en-US","@id":"http:\/\/cbcuscatlan.edu.sv\/cbc\/#\/schema\/logo\/image\/","url":"http:\/\/cbcuscatlan.edu.sv\/cbc\/wp-content\/uploads\/2018\/01\/logo.png","contentUrl":"http:\/\/cbcuscatlan.edu.sv\/cbc\/wp-content\/uploads\/2018\/01\/logo.png","width":175,"height":175,"caption":"Colegio Biling\u00fce Cuscatl\u00e1n"},"image":{"@id":"http:\/\/cbcuscatlan.edu.sv\/cbc\/#\/schema\/logo\/image\/"},"sameAs":["http:\/\/facebook.com\/colegiobilinguecuscatlan","http:\/\/instagram.com\/colegio_cbc"]}]}},"_links":{"self":[{"href":"https:\/\/cbcuscatlan.edu.sv\/cbc\/wp-json\/wp\/v2\/pages\/1290","targetHints":{"allow":["GET"]}}],"collection":[{"href":"https:\/\/cbcuscatlan.edu.sv\/cbc\/wp-json\/wp\/v2\/pages"}],"about":[{"href":"https:\/\/cbcuscatlan.edu.sv\/cbc\/wp-json\/wp\/v2\/types\/page"}],"author":[{"embeddable":true,"href":"https:\/\/cbcuscatlan.edu.sv\/cbc\/wp-json\/wp\/v2\/users\/1"}],"replies":[{"embeddable":true,"href":"https:\/\/cbcuscatlan.edu.sv\/cbc\/wp-json\/wp\/v2\/comments?post=1290"}],"version-history":[{"count":16,"href":"https:\/\/cbcuscatlan.edu.sv\/cbc\/wp-json\/wp\/v2\/pages\/1290\/revisions"}],"predecessor-version":[{"id":14017,"href":"https:\/\/cbcuscatlan.edu.sv\/cbc\/wp-json\/wp\/v2\/pages\/1290\/revisions\/14017"}],"wp:attachment":[{"href":"https:\/\/cbcuscatlan.edu.sv\/cbc\/wp-json\/wp\/v2\/media?parent=1290"}],"curies":[{"name":"wp","href":"https:\/\/api.w.org\/{rel}","templated":true}]}}